{"id":1017,"date":"2018-02-10T13:26:02","date_gmt":"2018-02-10T13:26:02","guid":{"rendered":"http:\/\/burgspiele-altleiningen.net\/?page_id=1017"},"modified":"2018-04-04T08:59:15","modified_gmt":"2018-04-04T08:59:15","slug":"2013-gutmensch-bringt-aerger-ins-haus","status":"publish","type":"page","link":"https:\/\/burgspiele-altleiningen.de\/?page_id=1017","title":{"rendered":"2013 &#8211; Gutmensch bringt \u00c4rger ins Haus"},"content":{"rendered":"<h6 style=\"text-align: center;\"><em><strong>&#8222;&#8218;Gutmensch&#8216; bringt \u00c4rger ins Haus&#8220; (Anja Benndorf)<\/strong><\/em><\/h6>\n<p style=\"text-align: center;\"><em>Quelle: Verlag: DIE RHEINPFALZ,<br \/>\nPublikation: Unterhaardter Rundschau, 17. Juni 2013<\/em><\/p>\n<h6 style=\"text-align: center;\">ALTLEININGEN:<br \/>\nGro\u00dfartige Premiere von Moli\u00e8res Kom\u00f6die &#8222;Tartuffe&#8220; bei den Burgspielen Altleiningen<br \/>\n&#8211; Wieder einen kulturellen Glanzpunkt gesetzt<\/h6>\n<p>&nbsp;<\/p>\n<p>Absolut authentisch stellen die Altleininger Burgspieler die Charaktere in Moli\u00e8res &#8222;Tartuffe&#8220; dar, so dass es eine wahre Freude ist, ihnen auf der B\u00fchne in der alten Festung zuzuschauen. Bei der Premiere am Samstagabend sah das Publikum zudem als Einstimmung einen h\u00f6fischen Tanz in historischen Kleidern.<br \/>\nMartin Steinmetz betont in seiner humorvollen Begr\u00fc\u00dfung unter anderem, wie wichtig die ideelle Unterst\u00fctzung der Akteure durch die Anwesenheit bekannter Pers\u00f6nlichkeiten ist.<\/p>\n<figure id=\"attachment_663\" aria-describedby=\"caption-attachment-663\" style=\"width: 238px\" class=\"wp-caption alignright\"><img loading=\"lazy\" decoding=\"async\" class=\"wp-image-663\" src=\"https:\/\/burgspiele-altleiningen.de\/wp-content\/uploads\/2017\/12\/tartuffe-zofe-204x300.jpg\" alt=\"\" width=\"238\" height=\"350\" srcset=\"https:\/\/burgspiele-altleiningen.de\/wp-content\/uploads\/2017\/12\/tartuffe-zofe-204x300.jpg 204w, https:\/\/burgspiele-altleiningen.de\/wp-content\/uploads\/2017\/12\/tartuffe-zofe-183x270.jpg 183w, https:\/\/burgspiele-altleiningen.de\/wp-content\/uploads\/2017\/12\/tartuffe-zofe.jpg 400w\" sizes=\"auto, (max-width: 238px) 100vw, 238px\" \/><figcaption id=\"caption-attachment-663\" class=\"wp-caption-text\"><em>Anja G\u00f6ssling (oben) in der Rolle der Zofe Dorine, hier mit Rebecca Kr\u00f6hler (unten) als Mariane<\/em><\/figcaption><\/figure>\n<p>Nun k\u00f6nnten sie ihnen die Ergebnisse monatelanger Arbeit pr\u00e4sentieren.<br \/>\nDiese sind als \u00e4u\u00dferst gelungen zu bezeichnen.\u00a0&#8230; Die Zuschauer am\u00fcsieren sich pr\u00e4chtig und sparen nicht mit Beifall &#8211; am Ende und auch zwischendurch.<br \/>\nLetzteres vor allem f\u00fcr entwaffnend ehrliche, oft ironische Spr\u00fcche aus dem losen Mundwerk der Staubwedel schwingenden Zofe Dorine (gespielt von Anja G\u00f6\u00dfling). Nur selten h\u00e4lt sie sich zur\u00fcck. Die Zofe ist eine der sch\u00e4rfsten Gegnerinnen des Heuchlers, Schmeichlers und Selbstinszenierers Tartuffe (Oliver Kesberger), der sich als besonders frommer Mann ausgibt, aber ein Betr\u00fcger ist.<\/p>\n<figure id=\"attachment_660\" aria-describedby=\"caption-attachment-660\" style=\"width: 200px\" class=\"wp-caption alignleft\"><img loading=\"lazy\" decoding=\"async\" class=\"wp-image-660 size-medium\" src=\"https:\/\/burgspiele-altleiningen.de\/wp-content\/uploads\/2017\/12\/tartuffe-hausherr-200x300.jpg\" alt=\"\" width=\"200\" height=\"300\" srcset=\"https:\/\/burgspiele-altleiningen.de\/wp-content\/uploads\/2017\/12\/tartuffe-hausherr-200x300.jpg 200w, https:\/\/burgspiele-altleiningen.de\/wp-content\/uploads\/2017\/12\/tartuffe-hausherr-180x270.jpg 180w, https:\/\/burgspiele-altleiningen.de\/wp-content\/uploads\/2017\/12\/tartuffe-hausherr.jpg 400w\" sizes=\"auto, (max-width: 200px) 100vw, 200px\" \/><figcaption id=\"caption-attachment-660\" class=\"wp-caption-text\"><em>Orgon (Willy Hiebert, rechts) schw\u00e4rmt bei seinem Schwager Cl\u00e9ante (Jochen Knauff, links) von Tartuffe<\/em><\/figcaption><\/figure>\n<p>Doch der Hausherr Orgon (Willy Hiebert) ist dem &#8222;Gutmenschen&#8220; vollkommen h\u00f6rig und will ihm sogar seine Tochter Mariane (Rebecca Kr\u00f6hler) zur Frau geben, obwohl diese bereits mit Val\u00e8re (Georg Kirchner) verlobt ist.<br \/>\nSelbst der Schwager Cl\u00e9ante (Jochen Knauff) und der Sohn Damis (Oliver Wasmuth) k\u00f6nnen Orgon nicht von seinem Glauben an den Scheinheiligen abbringen, den er als Gast aufgenommen hat.<\/p>\n<p>Erst als er Zeuge wird, wie Tartuffe sich an Ehefrau Elmire (Donja Reichert) heranmacht, gehen dem Alten die Augen auf, und er will den Kuttenmann hinauswerfen.<br \/>\nLange Zeit jedoch gibt sich Orgon vollkommen verblendet und sieht es sogar als positiv an, dass der Gast sich f\u00fcr seine Frau interessiert. Fantastisch verk\u00f6rpert Hiebert den einf\u00e4ltigen Trottel, der immer ein bisschen d\u00e4mlich dreinschaut, wenn er Tartuffe in den h\u00f6chsten T\u00f6nen lobt. Der angeblich Fromme l\u00f6se ihn aus jeder irdischen Bindung, so dass ihm das Schicksal seiner Familie und Freunde egal sei, schw\u00e4rmt er. Mariane gegen\u00fcber stellt er klar: &#8222;Ich als dein Vater wei\u00df, was gut f\u00fcr dich ist. Ich will, dass du in Tartuffe verliebt bist.&#8220;<br \/>\nDie Ungl\u00fcckliche droht sich der Zwangsheirat durch Selbstt\u00f6tung zu entziehen. &#8222;Auf die praktische L\u00f6sung bin ich noch gar nicht gekommen!&#8220;, ruft die Zofe mit in die H\u00fcften gestemmten H\u00e4nden. Die Zuschauer lachen los. Dorine r\u00e4t, alles daran zu setzen, dass die Hochzeit verschoben wird. &#8222;Letztendlich hilft ja noch ein deutliches Nein vor dem Altar&#8220;, macht sie dem M\u00e4dchen klar, dass sie sich wehren muss. Der j\u00e4hzornige Damis, der &#8211; sobald er an Tartuffe denkt &#8211; schreiend und mit geballten F\u00e4usten \u00fcber die B\u00fchne rennt, will seiner Schwester notfalls mit Gewalt helfen.<\/p>\n<figure id=\"attachment_666\" aria-describedby=\"caption-attachment-666\" style=\"width: 300px\" class=\"wp-caption alignleft\"><img loading=\"lazy\" decoding=\"async\" class=\"wp-image-666 size-medium\" src=\"https:\/\/burgspiele-altleiningen.de\/wp-content\/uploads\/2017\/12\/tartuffe-familie-300x194.jpg\" alt=\"\" width=\"300\" height=\"194\" srcset=\"https:\/\/burgspiele-altleiningen.de\/wp-content\/uploads\/2017\/12\/tartuffe-familie-300x194.jpg 300w, https:\/\/burgspiele-altleiningen.de\/wp-content\/uploads\/2017\/12\/tartuffe-familie-418x270.jpg 418w, https:\/\/burgspiele-altleiningen.de\/wp-content\/uploads\/2017\/12\/tartuffe-familie.jpg 500w\" sizes=\"auto, (max-width: 300px) 100vw, 300px\" \/><figcaption id=\"caption-attachment-666\" class=\"wp-caption-text\"><em>Der allgegenw\u00e4rtige Tartuffe bringt die gesamt Famile (Jochen Knauff &#8211; Cleante,\u00a0B\u00e4rbel Aue &#8211;\u00a0 Madame Pernelle, Donja Reichert &#8211; Elmire, Oliver Wasmuth &#8211;\u00a0Damis, Rebecca Kr\u00f6hler &#8211; Mariane) in Aufruhr<\/em><\/figcaption><\/figure>\n<p>So langsam wird die Spannung unertr\u00e4glich. Wer ist dieser fr\u00f6mmelnde Betr\u00fcger? Man m\u00f6chte ihn endlich zu Gesicht bekommen, nicht blo\u00df als riesiges Gem\u00e4lde mit einem Heiligenschein aus LED-L\u00e4mpchen &#8211; ma\u00dfgebliches Element der Kulisse. An Requisiten wird gespart. Mal gibt es zwar eine Leiter, auf der die Zofe &#8222;in die Luft geht&#8220;, mal eine Decke, unter der man sich verstecken kann. In der Regel reichen aber die lebendigen Dialoge der Amateur-Schauspieler, unterstrichen von entsprechender Mimik und Gestik, f\u00fcr die ausgezeichnete Darstellung der Szenen.<\/p>\n<p>Auch die Nebenrollen in dem St\u00fcck sind hervorragend besetzt: Alexander Maier als Gerichtsvollzieher Loyal, B\u00e4rbel Aue als Madame Pernelle und Franz-Josef Busch als Polizist. Alle gemeinsam haben unter der bew\u00e4hrten Regie von Susanne Rechner und Manuela Spie\u00df die zu ihrer Entstehungszeit revolution\u00e4re Kritik an pseudo-religi\u00f6sem Wahn und Doppelmoral, wegen der die 1664 uraufgef\u00fchrte Satire zun\u00e4chst verboten wurde, sehr gut herausgearbeitet.<\/p>\n<figure id=\"attachment_662\" aria-describedby=\"caption-attachment-662\" style=\"width: 194px\" class=\"wp-caption alignright\"><img loading=\"lazy\" decoding=\"async\" class=\"wp-image-662 size-medium\" src=\"https:\/\/burgspiele-altleiningen.de\/wp-content\/uploads\/2017\/12\/tartuffe-tartuffe-194x300.jpg\" alt=\"\" width=\"194\" height=\"300\" srcset=\"https:\/\/burgspiele-altleiningen.de\/wp-content\/uploads\/2017\/12\/tartuffe-tartuffe-194x300.jpg 194w, https:\/\/burgspiele-altleiningen.de\/wp-content\/uploads\/2017\/12\/tartuffe-tartuffe-175x270.jpg 175w, https:\/\/burgspiele-altleiningen.de\/wp-content\/uploads\/2017\/12\/tartuffe-tartuffe.jpg 400w\" sizes=\"auto, (max-width: 194px) 100vw, 194px\" \/><figcaption id=\"caption-attachment-662\" class=\"wp-caption-text\"><em>Tartuffe (Oliver Kesberger) macht Elmire (Donja Reichert),\u00a0Avancen<\/em><\/figcaption><\/figure>\n<p>Und schlie\u00dflich kommt er, der Mann um den sich alles dreht: In einer (unschuldig) wei\u00dfen Kutte schleppt der Langhaarige einen Riesenberg B\u00fccher herein. &#8222;In Ihnen, Madame, offenbart mir der Herr die Vollkommenheit seiner Sch\u00f6pfung, und daf\u00fcr muss ich ihn ehren&#8220;, haucht Tartuffe der Frau seiner Begierde, Elmire, ins Ohr.<\/p>\n<p>Daf\u00fcr, dass er sich als M\u00f6nch, dem Reichtum nichts bedeutet, Hab und Gut von Orgon schenken l\u00e4sst, hat er auch eine Erkl\u00e4rung: &#8222;Ich nehme das Verm\u00f6gen nur, um zu verhindern, dass es in unw\u00fcrdige H\u00e4nde f\u00e4llt.&#8220; Der Protagonist fasziniert, zieht in den Bann, nicht nur die Figuren in dem St\u00fcck, sondern ebenso das Publikum.<\/p>\n<p>&nbsp;<\/p>\n<p>Der Applaus will kaum enden. Mit dem dritten Moli\u00e8re-Klassiker in ihrer 33-j\u00e4hrigen Geschichte setzen die Burgspieler wieder einen kulturellen Glanzpunkt im Leiningerland.<\/p>\n","protected":false},"excerpt":{"rendered":"<p>&#8222;&#8218;Gutmensch&#8216; bringt \u00c4rger ins Haus&#8220; (Anja Benndorf) Quelle: Verlag: DIE RHEINPFALZ, Publikation: Unterhaardter Rundschau, 17. Juni 2013 ALTLEININGEN: Gro\u00dfartige Premiere von Moli\u00e8res Kom\u00f6die &#8222;Tartuffe&#8220; bei den Burgspielen Altleiningen &#8211; Wieder einen kulturellen Glanzpunkt gesetzt &nbsp; Absolut authentisch stellen die Altleininger&hellip; <\/p>\n","protected":false},"author":4,"featured_media":0,"parent":187,"menu_order":0,"comment_status":"closed","ping_status":"closed","template":"","meta":{"footnotes":""},"class_list":["post-1017","page","type-page","status-publish","hentry"],"_links":{"self":[{"href":"https:\/\/burgspiele-altleiningen.de\/index.php?rest_route=\/wp\/v2\/pages\/1017","targetHints":{"allow":["GET"]}}],"collection":[{"href":"https:\/\/burgspiele-altleiningen.de\/index.php?rest_route=\/wp\/v2\/pages"}],"about":[{"href":"https:\/\/burgspiele-altleiningen.de\/index.php?rest_route=\/wp\/v2\/types\/page"}],"author":[{"embeddable":true,"href":"https:\/\/burgspiele-altleiningen.de\/index.php?rest_route=\/wp\/v2\/users\/4"}],"replies":[{"embeddable":true,"href":"https:\/\/burgspiele-altleiningen.de\/index.php?rest_route=%2Fwp%2Fv2%2Fcomments&post=1017"}],"version-history":[{"count":13,"href":"https:\/\/burgspiele-altleiningen.de\/index.php?rest_route=\/wp\/v2\/pages\/1017\/revisions"}],"predecessor-version":[{"id":1537,"href":"https:\/\/burgspiele-altleiningen.de\/index.php?rest_route=\/wp\/v2\/pages\/1017\/revisions\/1537"}],"up":[{"embeddable":true,"href":"https:\/\/burgspiele-altleiningen.de\/index.php?rest_route=\/wp\/v2\/pages\/187"}],"wp:attachment":[{"href":"https:\/\/burgspiele-altleiningen.de\/index.php?rest_route=%2Fwp%2Fv2%2Fmedia&parent=1017"}],"curies":[{"name":"wp","href":"https:\/\/api.w.org\/{rel}","templated":true}]}}