{"id":1025,"date":"2018-02-10T13:43:50","date_gmt":"2018-02-10T13:43:50","guid":{"rendered":"http:\/\/burgspiele-altleiningen.net\/?page_id=1025"},"modified":"2018-02-23T19:06:56","modified_gmt":"2018-02-23T19:06:56","slug":"2012-statistisch-tot-biologisch-lebendig","status":"publish","type":"page","link":"https:\/\/burgspiele-altleiningen.de\/?page_id=1025","title":{"rendered":"2012 &#8211; Statistisch tot, biologisch lebendig"},"content":{"rendered":"<h6 style=\"text-align: center;\"><em><strong>&#8222;<\/strong><strong>Statistisch tot, biologisch lebendig<\/strong><strong>&#8220;\u00a0<\/strong>(Sebastian Stollhof)<\/em><\/h6>\n<p>&nbsp;<\/p>\n<p>&nbsp;<\/p>\n<p style=\"text-align: center;\"><em>Quelle: Verlag: DIE RHEINPFALZ, Publikation: Unterhaardter Rundschau, 26. Juni 2012<\/em><\/p>\n<p>&nbsp;<\/p>\n<h6><\/h6>\n<h6 style=\"text-align: center;\">ALTLEININGEN:<br \/>\nDie Altleininger Burgspieler begeistern bei der Premiere der Kom\u00f6die<br \/>\n&#8222;Kennen Sie die Milchstra\u00dfe&#8220;<\/h6>\n<p>&nbsp;<\/p>\n<p>&nbsp;<\/p>\n<p>Wenn das Publikum am Ende eines Theaterst\u00fccks gar nicht mehr aufh\u00f6ren will zu klatschen, wenn die Schauspieler immer wieder auf die B\u00fchne zur\u00fcckgeholt und frenetisch bejubelt werden, dann muss die Auff\u00fchrung eine ganz besondere gewesen sein. F\u00fcr die Premiere der Altleininger Burgspiele traf dies am Samstagabend ohne Umschweife zu. Die Besucher sahen bei &#8222;Kennen Sie die Milchstra\u00dfe?&#8220; von Karl Wittlinger eine Kom\u00f6die, die zum herzhaften Lachen einlud &#8211; aber auch nachdenklich stimmte.<\/p>\n<p>Vielleicht hatte der eine oder andere Besucher vor der Premiere der diesj\u00e4hrigen Burgspiele ja schon einmal etwas von der Milchstra\u00dfe geh\u00f6rt. Zum Beispiel, dass die Milchstra\u00dfe die Galaxie ist, in der sich die Erde und unsere Sonne befinden. Galaxien sind riesige Ansammlungen von Sternen. Oder, dass von der Erde aus f\u00fcr uns rund 6000 Sterne unserer Milchstra\u00dfe am Nachthimmel mit blo\u00dfem Auge sichtbar sind.<\/p>\n<p>Wissen mussten das die Zuschauer aber nicht. Denn in Wittlingers Kom\u00f6die geht es eigentlich um eine andere Milchstra\u00dfe. Genauer gesagt, um den Weg von Samuel Kiefer, den er mit seinem Milchwagen zur\u00fccklegt.<\/p>\n<figure id=\"attachment_641\" aria-describedby=\"caption-attachment-641\" style=\"width: 294px\" class=\"wp-caption aligncenter\"><img loading=\"lazy\" decoding=\"async\" class=\"wp-image-641 \" src=\"https:\/\/burgspiele-altleiningen.de\/wp-content\/uploads\/2017\/12\/milchstrasse-beginn-218x300.jpg\" alt=\"\" width=\"294\" height=\"405\" srcset=\"https:\/\/burgspiele-altleiningen.de\/wp-content\/uploads\/2017\/12\/milchstrasse-beginn-218x300.jpg 218w, https:\/\/burgspiele-altleiningen.de\/wp-content\/uploads\/2017\/12\/milchstrasse-beginn-196x270.jpg 196w, https:\/\/burgspiele-altleiningen.de\/wp-content\/uploads\/2017\/12\/milchstrasse-beginn.jpg 400w\" sizes=\"auto, (max-width: 294px) 100vw, 294px\" \/><figcaption id=\"caption-attachment-641\" class=\"wp-caption-text\"><em>In der Psychiatrie: Dr. Neuross und Sam &#8211; Samuel Kiefer<\/em><\/figcaption><\/figure>\n<p>Dieser Samuel Kiefer ist eine tragische Figur. Als er aus dem Krieg heimkehrt, muss er feststellen, dass er f\u00fcr tot erkl\u00e4rt wurde. &#8222;Statistisch tot, biologisch lebendig&#8220;, wie er es nennt. In seinem Heimatort will man das nicht \u00e4ndern. Schlie\u00dflich sei das damals &#8222;ein Affenzirkus&#8220; gewesen, bis er f\u00fcr tot erkl\u00e4rt war, wie ihm bei seiner R\u00fcckkehr mitgeteilt wurde. &#8222;Der Herrgott hat es eingerichtet, dass jeder blo\u00df einmal auf die Welt kommt. Und das ist gut.&#8220; Was Kiefer zun\u00e4chst f\u00fcr einen schlechten Witz h\u00e4lt, meint Krumbauer in der Gemeindeverwaltung &#8211; im wahrsten Sinne des Wortes &#8211; todernst. Der arme &#8222;Sam&#8220; kann also nicht in sein altes Leben zur\u00fcck &#8211; und lebt k\u00fcnftig als Johannes Schwarz.<\/p>\n<figure id=\"attachment_659\" aria-describedby=\"caption-attachment-659\" style=\"width: 289px\" class=\"wp-caption aligncenter\"><img loading=\"lazy\" decoding=\"async\" class=\"wp-image-659 \" src=\"https:\/\/burgspiele-altleiningen.de\/wp-content\/uploads\/2017\/12\/milchstrasse-aufdemamt-201x300.jpg\" alt=\"\" width=\"289\" height=\"431\" srcset=\"https:\/\/burgspiele-altleiningen.de\/wp-content\/uploads\/2017\/12\/milchstrasse-aufdemamt-201x300.jpg 201w, https:\/\/burgspiele-altleiningen.de\/wp-content\/uploads\/2017\/12\/milchstrasse-aufdemamt-181x270.jpg 181w, https:\/\/burgspiele-altleiningen.de\/wp-content\/uploads\/2017\/12\/milchstrasse-aufdemamt.jpg 400w\" sizes=\"auto, (max-width: 289px) 100vw, 289px\" \/><figcaption id=\"caption-attachment-659\" class=\"wp-caption-text\"><em>Auf dem Gemeindeamt: Krumbauer und Sam<\/em><\/figcaption><\/figure>\n<p>Der ist &#8222;biologisch tot, aber statistisch lebendig&#8220; &#8211; sprich: Im Krieg gefallen, was aber niemand wei\u00df. Seinen Pass hatte ihm Kiefer abgekn\u00f6pft, um so aus der Fremdenlegion entlassen zu werden. Seine Papiere hatte er verloren. Doch auch als Johannes Schwarz wollte es das Schicksal nicht gut mit dem armen Mann meinen. Der &#8222;echte&#8220; Schwarz wird n\u00e4mlich steckbrieflich gesucht.<\/p>\n<figure id=\"attachment_650\" aria-describedby=\"caption-attachment-650\" style=\"width: 284px\" class=\"wp-caption aligncenter\"><img loading=\"lazy\" decoding=\"async\" class=\"wp-image-650 \" src=\"https:\/\/burgspiele-altleiningen.de\/wp-content\/uploads\/2017\/12\/milchstrasse-versicherung-200x300.jpg\" alt=\"\" width=\"284\" height=\"426\" srcset=\"https:\/\/burgspiele-altleiningen.de\/wp-content\/uploads\/2017\/12\/milchstrasse-versicherung-200x300.jpg 200w, https:\/\/burgspiele-altleiningen.de\/wp-content\/uploads\/2017\/12\/milchstrasse-versicherung-180x270.jpg 180w, https:\/\/burgspiele-altleiningen.de\/wp-content\/uploads\/2017\/12\/milchstrasse-versicherung.jpg 400w\" sizes=\"auto, (max-width: 284px) 100vw, 284px\" \/><figcaption id=\"caption-attachment-650\" class=\"wp-caption-text\"><em>In der Versicherung: Dr. Tresser und Sam<\/em><\/figcaption><\/figure>\n<p>Und so wird Samuel Kiefer verhaftet &#8211; und f\u00fcr verr\u00fcckt erkl\u00e4rt. Seine wahre Geschichte will ihm n\u00e4mlich niemand glauben.<\/p>\n<figure id=\"attachment_646\" aria-describedby=\"caption-attachment-646\" style=\"width: 408px\" class=\"wp-caption aligncenter\"><img loading=\"lazy\" decoding=\"async\" class=\"wp-image-646 \" src=\"https:\/\/burgspiele-altleiningen.de\/wp-content\/uploads\/2017\/12\/milchstrasse-kneipe-300x167.jpg\" alt=\"\" width=\"408\" height=\"227\" srcset=\"https:\/\/burgspiele-altleiningen.de\/wp-content\/uploads\/2017\/12\/milchstrasse-kneipe-300x167.jpg 300w, https:\/\/burgspiele-altleiningen.de\/wp-content\/uploads\/2017\/12\/milchstrasse-kneipe.jpg 400w\" sizes=\"auto, (max-width: 408px) 100vw, 408px\" \/><figcaption id=\"caption-attachment-646\" class=\"wp-caption-text\"><em> In der Kneipe: Salvatore und Sam<\/em><\/figcaption><\/figure>\n<p>Aus der Haft entlassen, landet er auf der Suche nach Arbeit in der Todeskugel, wo er als Todesfahrer &#8222;Bill&#8220; seine Runden dreht.<\/p>\n<figure id=\"attachment_649\" aria-describedby=\"caption-attachment-649\" style=\"width: 440px\" class=\"wp-caption aligncenter\"><img loading=\"lazy\" decoding=\"async\" class=\"wp-image-649 \" src=\"https:\/\/burgspiele-altleiningen.de\/wp-content\/uploads\/2017\/12\/milchstrasse-todeskugel-300x242.jpg\" alt=\"\" width=\"440\" height=\"355\" srcset=\"https:\/\/burgspiele-altleiningen.de\/wp-content\/uploads\/2017\/12\/milchstrasse-todeskugel-300x242.jpg 300w, https:\/\/burgspiele-altleiningen.de\/wp-content\/uploads\/2017\/12\/milchstrasse-todeskugel-334x270.jpg 334w, https:\/\/burgspiele-altleiningen.de\/wp-content\/uploads\/2017\/12\/milchstrasse-todeskugel.jpg 400w\" sizes=\"auto, (max-width: 440px) 100vw, 440px\" \/><figcaption id=\"caption-attachment-649\" class=\"wp-caption-text\"><em>Hinter der Todeskugel: Ben und Bill<\/em><\/figcaption><\/figure>\n<p>Dort will er sich das Leben nehmen, f\u00e4hrt in zwei Stunden 3000 Runden und st\u00fcrzt schlie\u00dflich vier Meter in die Tiefe. Kiefer \u00fcberlebt, landet zun\u00e4chst in der Klinik &#8211; und wird dort von der &#8222;Chirurgischen auf die Psychiatrische&#8220; verlegt. Dort sind nicht nur die Patienten, sondern auch die \u00c4rzte verwirrt. Und dort f\u00fchrt Kiefer seine Lebensgeschichte als Theaterst\u00fcck auf.<\/p>\n<figure id=\"attachment_647\" aria-describedby=\"caption-attachment-647\" style=\"width: 289px\" class=\"wp-caption aligncenter\"><img loading=\"lazy\" decoding=\"async\" class=\"wp-image-647 \" src=\"https:\/\/burgspiele-altleiningen.de\/wp-content\/uploads\/2017\/12\/milchstrasse-psychiatrie-203x300.jpg\" alt=\"\" width=\"289\" height=\"427\" srcset=\"https:\/\/burgspiele-altleiningen.de\/wp-content\/uploads\/2017\/12\/milchstrasse-psychiatrie-203x300.jpg 203w, https:\/\/burgspiele-altleiningen.de\/wp-content\/uploads\/2017\/12\/milchstrasse-psychiatrie-183x270.jpg 183w, https:\/\/burgspiele-altleiningen.de\/wp-content\/uploads\/2017\/12\/milchstrasse-psychiatrie.jpg 400w\" sizes=\"auto, (max-width: 289px) 100vw, 289px\" \/><figcaption id=\"caption-attachment-647\" class=\"wp-caption-text\"><em>In der Psychiatrie: Prof. Strohvater und Dr. Neuross<\/em><\/figcaption><\/figure>\n<p>In der Kom\u00f6die von Wittlinger gibt es nur zwei Sprechrollen.<\/p>\n<p>Diese werden bei der Premiere der Burgspiele grandios von Martin Steinmetz und Alexander Maier gespielt. Wunderbar, wie Steinmetz den Samuel Kiefer gab &#8211; einmal witzig, dann aber auch nachdenklich. Wenn Steinmetz von den Kriegserlebnissen Kiefers berichtete, dann sind dies fesselnde Geschichten.<\/p>\n<p>In gleich f\u00fcnf verschiedene Rollen schl\u00fcpfte Alexander Maier &#8211; als der verwirrte Dr. Neuross, Krumbauer aus der Gemeindeverwaltung, Dr. Tresser aus der Versicherungsagentur, den italienischen Gastst\u00e4tteninhaber und Ganoven Salvatore und Todesfahrer Ben. Einmalig, wie Maier diese wahrlich nicht einfachen Wechsel zwischen den verschiedenen Rollen gelangen.<\/p>\n<p>Und dann waren da noch Nathan und Sofia Daiker, Oliver Kesberger, Jochen Knauff, Marvin Schmitt, Uta Abelmann, Monika Keth und Helene Trundt. Sie schl\u00fcpften als Clowns verkleidet in die Rolle der Statisten, nahmen aber auch mit tollen pantomimischen Choreografien den Umbau vor.<\/p>\n<figure id=\"attachment_643\" aria-describedby=\"caption-attachment-643\" style=\"width: 431px\" class=\"wp-caption aligncenter\"><img loading=\"lazy\" decoding=\"async\" class=\"wp-image-643 \" src=\"https:\/\/burgspiele-altleiningen.de\/wp-content\/uploads\/2017\/12\/milchstrasse-clowns2-300x194.jpg\" alt=\"\" width=\"431\" height=\"279\" srcset=\"https:\/\/burgspiele-altleiningen.de\/wp-content\/uploads\/2017\/12\/milchstrasse-clowns2-300x194.jpg 300w, https:\/\/burgspiele-altleiningen.de\/wp-content\/uploads\/2017\/12\/milchstrasse-clowns2.jpg 400w\" sizes=\"auto, (max-width: 431px) 100vw, 431px\" \/><figcaption id=\"caption-attachment-643\" class=\"wp-caption-text\"><em>Die &#8222;Bewohner&#8220; der Nervernheilanstalt in Aktion<\/em><\/figcaption><\/figure>\n<p>So wurden selbst die Pausen nicht langweilig. Unglaublich, wie sich ein B\u00fchnenbild ver\u00e4ndern l\u00e4sst, wenn man einfach nur ein paar Kisten verschiebt und wie toll etwas wirken kann, wenn Clowns Sonnenblumen mit der Angel nach oben ziehen.<\/p>\n<figure id=\"attachment_644\" aria-describedby=\"caption-attachment-644\" style=\"width: 423px\" class=\"wp-caption aligncenter\"><img loading=\"lazy\" decoding=\"async\" class=\"wp-image-644 \" src=\"https:\/\/burgspiele-altleiningen.de\/wp-content\/uploads\/2017\/12\/milchstrasse-clowns3-300x190.jpg\" alt=\"\" width=\"423\" height=\"268\" srcset=\"https:\/\/burgspiele-altleiningen.de\/wp-content\/uploads\/2017\/12\/milchstrasse-clowns3-300x190.jpg 300w, https:\/\/burgspiele-altleiningen.de\/wp-content\/uploads\/2017\/12\/milchstrasse-clowns3.jpg 400w\" sizes=\"auto, (max-width: 423px) 100vw, 423px\" \/><figcaption id=\"caption-attachment-644\" class=\"wp-caption-text\"><em>Die Clowns beim Sonnenblumen-Angeln<\/em><\/figcaption><\/figure>\n<p>Was das Altleininger Amateur-Theater da auf die B\u00fchne zauberte, h\u00e4tten auch Profis nicht besser spielen k\u00f6nnen. Die beiden Regisseurinnen Susanne Rechner und Manuela Spie\u00df legen viel Wert darauf, dass sich die Schauspieler in ihre Rollen hineinversetzen. Dass sie wissen, wie die jeweiligen Personen denken, sprechen oder gehen w\u00fcrden. Und sie legen gro\u00dfen Wert auf Details. Das macht die Vorf\u00fchrungen in Altleiningen so besonders.<\/p>\n<p>Da verschwindet Samuel Kiefer nicht einfach nur von der B\u00fchne, als er ank\u00fcndigt, mit dem Rad zum Bahnhof zu fahren. Nein, er f\u00e4hrt dann tats\u00e4chlich mit einem Fahrrad auch noch \u00fcber den Burghof. So, dass ihn jeder Zuschauer auch sehen kann. Herrlich, wie Kiefer von seinem Stern, seinem Heimatort berichtet. Und von seiner Milchstra\u00dfe, den Weg, den er als Fahrer des Milchwagens zur\u00fccklegt.<\/p>\n<p>Offen l\u00e4sst Wittlinger das Ende des St\u00fccks, das die Burgspieler in zwei Stunden jederzeit fesselnd auff\u00fchren.<\/p>\n<p>Pr\u00e4dikat: besonders empfehlenswert!<\/p>\n<figure id=\"attachment_648\" aria-describedby=\"caption-attachment-648\" style=\"width: 452px\" class=\"wp-caption aligncenter\"><img loading=\"lazy\" decoding=\"async\" class=\"wp-image-648 \" src=\"https:\/\/burgspiele-altleiningen.de\/wp-content\/uploads\/2017\/12\/milchstrasse-schlussapplaus-300x187.jpg\" alt=\"\" width=\"452\" height=\"282\" srcset=\"https:\/\/burgspiele-altleiningen.de\/wp-content\/uploads\/2017\/12\/milchstrasse-schlussapplaus-300x187.jpg 300w, https:\/\/burgspiele-altleiningen.de\/wp-content\/uploads\/2017\/12\/milchstrasse-schlussapplaus.jpg 400w\" sizes=\"auto, (max-width: 452px) 100vw, 452px\" \/><figcaption id=\"caption-attachment-648\" class=\"wp-caption-text\"><em>Schlussapplaus<\/em><\/figcaption><\/figure>\n","protected":false},"excerpt":{"rendered":"<p>&#8222;Statistisch tot, biologisch lebendig&#8220;\u00a0(Sebastian Stollhof) &nbsp; &nbsp; Quelle: Verlag: DIE RHEINPFALZ, Publikation: Unterhaardter Rundschau, 26. Juni 2012 &nbsp; ALTLEININGEN: Die Altleininger Burgspieler begeistern bei der Premiere der Kom\u00f6die &#8222;Kennen Sie die Milchstra\u00dfe&#8220; &nbsp; &nbsp; Wenn das Publikum am Ende eines&hellip; <\/p>\n","protected":false},"author":4,"featured_media":0,"parent":187,"menu_order":0,"comment_status":"closed","ping_status":"closed","template":"","meta":{"footnotes":""},"class_list":["post-1025","page","type-page","status-publish","hentry"],"_links":{"self":[{"href":"https:\/\/burgspiele-altleiningen.de\/index.php?rest_route=\/wp\/v2\/pages\/1025","targetHints":{"allow":["GET"]}}],"collection":[{"href":"https:\/\/burgspiele-altleiningen.de\/index.php?rest_route=\/wp\/v2\/pages"}],"about":[{"href":"https:\/\/burgspiele-altleiningen.de\/index.php?rest_route=\/wp\/v2\/types\/page"}],"author":[{"embeddable":true,"href":"https:\/\/burgspiele-altleiningen.de\/index.php?rest_route=\/wp\/v2\/users\/4"}],"replies":[{"embeddable":true,"href":"https:\/\/burgspiele-altleiningen.de\/index.php?rest_route=%2Fwp%2Fv2%2Fcomments&post=1025"}],"version-history":[{"count":12,"href":"https:\/\/burgspiele-altleiningen.de\/index.php?rest_route=\/wp\/v2\/pages\/1025\/revisions"}],"predecessor-version":[{"id":1468,"href":"https:\/\/burgspiele-altleiningen.de\/index.php?rest_route=\/wp\/v2\/pages\/1025\/revisions\/1468"}],"up":[{"embeddable":true,"href":"https:\/\/burgspiele-altleiningen.de\/index.php?rest_route=\/wp\/v2\/pages\/187"}],"wp:attachment":[{"href":"https:\/\/burgspiele-altleiningen.de\/index.php?rest_route=%2Fwp%2Fv2%2Fmedia&parent=1025"}],"curies":[{"name":"wp","href":"https:\/\/api.w.org\/{rel}","templated":true}]}}