{"id":1042,"date":"2018-02-10T13:52:42","date_gmt":"2018-02-10T13:52:42","guid":{"rendered":"http:\/\/burgspiele-altleiningen.net\/?page_id=1042"},"modified":"2018-02-10T13:55:59","modified_gmt":"2018-02-10T13:55:59","slug":"2000-ein-sommernachtstraum-als-jubilaeumsgabe","status":"publish","type":"page","link":"https:\/\/burgspiele-altleiningen.de\/?page_id=1042","title":{"rendered":"2000 &#8211; &#8222;Ein Sommernachtstraum&#8220; als Jubil\u00e4umsgabe"},"content":{"rendered":"<h6 style=\"text-align: center;\"><em><strong>\u201eEin Sommernachtstraum\u201c als Jubil\u00e4umsgabe<\/strong><\/em><\/h6>\n<p style=\"text-align: center;\"><em>Rheinpfalz vom 17.06.2000<\/em><\/p>\n<h6 style=\"text-align: center;\">ALTLEININGEN: Heute Premiere nach langer Umbaupause<\/h6>\n<p><strong>\u00a0<\/strong><\/p>\n<p><strong>Heute ist es soweit: Die Burgspiele Altleiningen feiern. Einerseits ihr Zwanzigj\u00e4hriges, andererseits ihr so gut wie neues Theater, an dem sie praktisch bis jetzt, bis zum letzten Augenblick, mit geackert haben.<\/strong><\/p>\n<p><strong>Beim Lokaltermin vor vier Wochen wurde noch gehackt und geh\u00e4mmert. Dass das Werk termingerecht vollendet w\u00fcrde, war damals ebenso selbstverst\u00e4ndlich wie unwahrscheinlich. \u201eNat\u00fcrlich\u201c ist es fertig, die Amateure sind zwar voller Schwielen und Verspannungen, aber der Vorhang \u00f6ffnet sich heute Abend zum ersten Mal nach der baubedingten Zwangspause.<\/strong><\/p>\n<p><strong>U<\/strong><strong>nd weil das so ist, und weil der Zwanzigste schlie\u00dflich auch &#8217;ne Party wert ist, haben die Burgspiele sich einen gro\u00dfen Wunsch erf\u00fcllt: sie spielen Shakespeares romantische Kom\u00f6die \u201eEin Sommernachtstraum\u201c.<\/strong><\/p>\n<p><strong>Der Name sagt&#8217;s, es handelt sich um einen Traum voller Wirrungen und Irrungen, in dem zwei Liebespaare von Elfen verzaubert werden, so dass einer der M\u00e4nner auf die andere Frau fixiert wird. Eine kurzweilige, possierliche, auch spannende Geschichte, die zum guten Ende f\u00fchrt. Aber allzu viel sollte hier nicht verraten werden.<\/strong><\/p>\n<p><strong>Martin Steinmetz stellte sich trotz Generalprobe und Noch-Pinseln-M\u00fcssens dem Gespr\u00e4ch mit der RHEINPFALZ. 1980 habe alles begonnen. Spiritus rector sei Willy Rechner gewesen, der jedoch unerwartet fr\u00fch wegen schwerer Leiden, die er aus dem Weltkrieg heimgebracht habe, starb. Was er noch vorbereitet hatte, habe man ihm zum Ged\u00e4chtnis auch gespielt. 1986\/87 sei es bei \u201eLiselott von der Pfalz\u201c zum menschlichen und k\u00fcnstlerischen Durchbruch gekommen, man habe sich von Rechner l\u00f6sen k\u00f6nnen und eine unabh\u00e4ngige Zukunft erkannt.<\/strong><\/p>\n<p><strong>Klassiker und Kom\u00f6dien, Salonst\u00fccke und ein Thriller seien bisher gespielt worden, Routine habe sich eingestellt. S\u00e4mtliche Genres h\u00e4tten ihre speziellen Freunde, immer fr\u00fcher seien die Theaterabende ausverkauft gewesen &#8211; zuverl\u00e4ssige Qualit\u00e4tsbest\u00e4tigung. 1991 schlie\u00dflich sei aus dem \u201elosen Haufen\u201c etwas Anst\u00e4ndiges, ein eingetragener Verein n\u00e4mlich, geworden.<\/strong><\/p>\n<p><strong>Die Namen G\u00f6\u00dfling, Rechner und Steinmetz haben dort oben auf der Burg Theatergeschichte geschrieben. Neue Namen seien hinzugekommen, der Verein z\u00e4hle heute rund 75 Mitglieder. Zw\u00f6lf, 13 Jahre alt seien die \u201eechten\u201c Theaterkinder &#8211; echt, weil ihre Eltern schon dabei gewesen seien, ehe sie zur Welt kamen. Wer die Burgspieler kennt, wei\u00df, dass \u201eunechte\u201c, um im Bild zu bleiben, ebenso herzlich willkommen sind. Den eigenen Nachwuchs zu ziehen, das ist &#8217;ne tolle und eher seltene Sache, wenn man mal vom Sport absieht.<\/strong><\/p>\n<p><strong>Der \u201eSommernachtstraum\u201c zeigte sich bei aller Leichtigkeit und offenbar problemlos die Jahrhunderte \u00fcberdauernden Anziehungskraft anfangs eher st\u00f6rrisch: Zum Fundus der Burgspieler, so Steinmetz, geh\u00f6rten keine Liebespaare. Und davon braucht der Traum gleich zwei, also musste die Mundtrommel &#8218;ran. In den Familien und im Leininger Gymnasium wurde erfolgreich gefahndet. Die risikofreudigen Burgspiele besetzten drei von vier Hauptrollen mit Neuen.<\/strong><\/p>\n<p><strong>Nat\u00fcrlich dauere es immer ein paar Monate, bevor der ber\u00fchmte Funke \u00fcberspringe, das gelte f\u00fcr alle Bereiche, vom ersten Techniker bis zu den Schauspielern. Auch gebe es immer wieder Leute, denen Proberei und Auff\u00fchrungen zu viel Zeit wegnehmen.<\/strong><\/p>\n<p><strong>Auf die Frage nach neuen Erfahrungen berichtete Steinmetz vom Mannheimer Maimarkt. Die Verkehrsvereinigung Leiningerland habe vorgeschlagen, dass die Burgspiele sich dort pr\u00e4sentieren. Chancen muss man ergreifen: Letztes Jahr zeigten sie auf dem Maimarkt, wie man sich schminkt, dieses Jahr (auf neuer B\u00fchne) alte T\u00e4nze.<\/strong><strong>\u00a0<\/strong><\/p>\n<p><strong>In den 80er Jahren machten die Burgspieler ihre ersten Fernseherfahrungen, als im S\u00fcdwestfunk Pf\u00e4lzer Ortschaften vorgestellt wurden &#8211; eine Karriere, die keinesfalls abgeschlossen ist. Nun d\u00fcrfen sich die Theaterfreunde auf einen der zw\u00f6lf Theaterabende des ersten Jahres nach dem Millennium freuen.<\/strong><\/p>\n<p><strong>Die sind zwar so gut wie ausverkauft, aber einzelne Karten, meint Steinmetz, k\u00f6nnten immerhin noch ergattert werden. (ema)<\/strong><\/p>\n","protected":false},"excerpt":{"rendered":"<p>\u201eEin Sommernachtstraum\u201c als Jubil\u00e4umsgabe Rheinpfalz vom 17.06.2000 ALTLEININGEN: Heute Premiere nach langer Umbaupause \u00a0 Heute ist es soweit: Die Burgspiele Altleiningen feiern. Einerseits ihr Zwanzigj\u00e4hriges, andererseits ihr so gut wie neues Theater, an dem sie praktisch bis jetzt, bis zum&hellip; <\/p>\n","protected":false},"author":3,"featured_media":0,"parent":187,"menu_order":0,"comment_status":"closed","ping_status":"closed","template":"","meta":{"footnotes":""},"class_list":["post-1042","page","type-page","status-publish","hentry"],"_links":{"self":[{"href":"https:\/\/burgspiele-altleiningen.de\/index.php?rest_route=\/wp\/v2\/pages\/1042","targetHints":{"allow":["GET"]}}],"collection":[{"href":"https:\/\/burgspiele-altleiningen.de\/index.php?rest_route=\/wp\/v2\/pages"}],"about":[{"href":"https:\/\/burgspiele-altleiningen.de\/index.php?rest_route=\/wp\/v2\/types\/page"}],"author":[{"embeddable":true,"href":"https:\/\/burgspiele-altleiningen.de\/index.php?rest_route=\/wp\/v2\/users\/3"}],"replies":[{"embeddable":true,"href":"https:\/\/burgspiele-altleiningen.de\/index.php?rest_route=%2Fwp%2Fv2%2Fcomments&post=1042"}],"version-history":[{"count":4,"href":"https:\/\/burgspiele-altleiningen.de\/index.php?rest_route=\/wp\/v2\/pages\/1042\/revisions"}],"predecessor-version":[{"id":1049,"href":"https:\/\/burgspiele-altleiningen.de\/index.php?rest_route=\/wp\/v2\/pages\/1042\/revisions\/1049"}],"up":[{"embeddable":true,"href":"https:\/\/burgspiele-altleiningen.de\/index.php?rest_route=\/wp\/v2\/pages\/187"}],"wp:attachment":[{"href":"https:\/\/burgspiele-altleiningen.de\/index.php?rest_route=%2Fwp%2Fv2%2Fmedia&parent=1042"}],"curies":[{"name":"wp","href":"https:\/\/api.w.org\/{rel}","templated":true}]}}