{"id":1057,"date":"2018-02-10T14:25:43","date_gmt":"2018-02-10T14:25:43","guid":{"rendered":"http:\/\/burgspiele-altleiningen.net\/?page_id=1057"},"modified":"2018-02-10T18:25:57","modified_gmt":"2018-02-10T18:25:57","slug":"2000-ein-sommernachtstraum-william-shakespeare","status":"publish","type":"page","link":"https:\/\/burgspiele-altleiningen.de\/?page_id=1057","title":{"rendered":"2000 &#8211; &#8222;Ein Sommernachtstraum&#8220; (William Shakespeare)"},"content":{"rendered":"<h6 style=\"text-align: center;\"><em><strong>&#8222;Ein Sommernachtstraum&#8220; (William Shakespeare)<\/strong><\/em><\/h6>\n<p style=\"text-align: center;\"><em>Quelle: Die Rheinpfalz, 19. Juni 2000<\/em><\/p>\n<h6 style=\"text-align: center;\">&#8222;Beeindruckender Shakespeare&#8220;<\/h6>\n<p>&nbsp;<\/p>\n<p>Mit einer glanzvollen Premiere voll von funkelnden H\u00f6hepunkten, Shakespeares &#8222;Sommernachtstraum&#8220;, gratulierten sich die Burgspiele Altleiningen am Samstagabend zum 20. und zum neuen Theater.<\/p>\n<p><img loading=\"lazy\" decoding=\"async\" class=\"size-medium wp-image-465 alignright\" src=\"https:\/\/burgspiele-altleiningen.de\/wp-content\/uploads\/2017\/12\/sommer4-300x229.jpg\" alt=\"\" width=\"300\" height=\"229\" srcset=\"https:\/\/burgspiele-altleiningen.de\/wp-content\/uploads\/2017\/12\/sommer4-300x229.jpg 300w, https:\/\/burgspiele-altleiningen.de\/wp-content\/uploads\/2017\/12\/sommer4-354x270.jpg 354w, https:\/\/burgspiele-altleiningen.de\/wp-content\/uploads\/2017\/12\/sommer4.jpg 744w\" sizes=\"auto, (max-width: 300px) 100vw, 300px\" \/>Ines Herold bot eine bezaubernde Hermia, Lucia Treptow beeindruckte in der Rolle der Helena, w\u00e4hrend Burkhard Hildebrandt als Demetrius ein bisschen abfiel. Recht gut gelang ihm die unterschwellige Ironie in den Szenen im Wald. Mutig gingen die drei jungen Leute mit Hauptrollen in ihr jeweils erstes Theaterspiel. &#8230;Dass Timo Hmielorz, der einen vorz\u00fcglichen Lysander spielte, Theater-Erfahrung hat, war neben ihnen nat\u00fcrlich klar erkennbar&#8230; .<\/p>\n<p><img loading=\"lazy\" decoding=\"async\" class=\"size-full wp-image-460 alignleft\" src=\"https:\/\/burgspiele-altleiningen.de\/wp-content\/uploads\/2017\/12\/sommer-theseus.jpg\" alt=\"\" width=\"284\" height=\"185\" \/><\/p>\n<p>&nbsp;<\/p>\n<p>Adalbert L\u00f6ffler spielte den Herzog mit ausgezeichnet f\u00fcrstlicher Pose. Hinrei\u00dfend die er\u00f6ffnende Fechtszene mit seiner Verlobten, der Amazonenk\u00f6nigin Hippolyta, von Heidrun Kirchner mit z\u00e4rtlicher Vorfreude auf die kommende Hochzeit beseelt.<\/p>\n<p><img loading=\"lazy\" decoding=\"async\" class=\" wp-image-455 alignright\" src=\"https:\/\/burgspiele-altleiningen.de\/wp-content\/uploads\/2017\/12\/sommer-oberon.jpg\" alt=\"\" width=\"242\" height=\"225\" \/><\/p>\n<p>Kirchner und L\u00f6ffler gestalteten auch die Elfenk\u00f6nigin Titania &#8230; und Oberon, den Elfenk\u00f6nig, \u00fcberzeugend &#8230;<\/p>\n<p>&nbsp;<\/p>\n<p>&nbsp;<\/p>\n<p>Sus<img loading=\"lazy\" decoding=\"async\" class=\"size-medium wp-image-458 alignleft\" src=\"https:\/\/burgspiele-altleiningen.de\/wp-content\/uploads\/2017\/12\/sommer-puck-254x300.jpg\" alt=\"\" width=\"254\" height=\"300\" srcset=\"https:\/\/burgspiele-altleiningen.de\/wp-content\/uploads\/2017\/12\/sommer-puck-254x300.jpg 254w, https:\/\/burgspiele-altleiningen.de\/wp-content\/uploads\/2017\/12\/sommer-puck-229x270.jpg 229w, https:\/\/burgspiele-altleiningen.de\/wp-content\/uploads\/2017\/12\/sommer-puck.jpg 284w\" sizes=\"auto, (max-width: 254px) 100vw, 254px\" \/>anne Rechner ist schon in vielen Rollen begegnet, wie sie jedoch Puck zu quicklebendigem, verschmitzten Leben verhalf, war schlicht fantastisch&#8230;<\/p>\n<p>&nbsp;<\/p>\n<p>&nbsp;<\/p>\n<p>&nbsp;<\/p>\n<p>&nbsp;<\/p>\n<p><img loading=\"lazy\" decoding=\"async\" class=\" wp-image-452 alignright\" src=\"https:\/\/burgspiele-altleiningen.de\/wp-content\/uploads\/2017\/12\/sommer-gnome.jpg\" alt=\"\" width=\"242\" height=\"163\" \/><img loading=\"lazy\" decoding=\"async\" class=\"size-full wp-image-450 alignleft\" src=\"https:\/\/burgspiele-altleiningen.de\/wp-content\/uploads\/2017\/12\/sommer-elfen.jpg\" alt=\"\" width=\"227\" height=\"160\" \/><\/p>\n<p>&nbsp;<\/p>\n<p>Ganz reizend gelangen den Elfen und Gnomen, die fast alle die zweite, gar dritte Generation der Burgspiele sind, ihre Auftritte.<\/p>\n<p>&nbsp;<\/p>\n<p><img loading=\"lazy\" decoding=\"async\" class=\"size-full wp-image-453 alignleft\" src=\"https:\/\/burgspiele-altleiningen.de\/wp-content\/uploads\/2017\/12\/sommer-handwerker.jpg\" alt=\"\" width=\"255\" height=\"183\" \/>Bleiben die Handwerker, ein erfrischend doofer Trupp, der f\u00fcr die Hochzeit des Herzogs ein Spiel, erkl\u00e4rterma\u00dfen frei von Sinn, erlernt hat. Deren Chef ist der Zimmermann Peter Squenz (Gernot Schubert), der logisch denken kann.<\/p>\n<p><img loading=\"lazy\" decoding=\"async\" class=\"size-full wp-image-461 alignright\" src=\"https:\/\/burgspiele-altleiningen.de\/wp-content\/uploads\/2017\/12\/sommer-thisbi.jpg\" alt=\"\" width=\"284\" height=\"244\" \/><\/p>\n<p>&nbsp;<\/p>\n<p>Blasbalgflicker Frank Flaut (Markus Jotter), hat da eher Schwierigkeiten, bringt schlie\u00dflich eine zwerchfellersch\u00fctternde Thisbe zustande.<br \/>\nZu der geh\u00f6rt nat\u00fcrlich Pyramus, und der ist bei Martin Steinmetz in besten H\u00e4nden. &#8230; Als Handwerker ist er Niklas Zettel, der Weber; im Traumspiel ein Esel, der seinesgleichen sucht. Herrlich. &#8230;<\/p>\n<p>&nbsp;<\/p>\n<p><img loading=\"lazy\" decoding=\"async\" class=\"size-full wp-image-454 alignleft\" src=\"https:\/\/burgspiele-altleiningen.de\/wp-content\/uploads\/2017\/12\/sommer-mond.jpg\" alt=\"\" width=\"284\" height=\"245\" \/>Tom Schnauz (Carsten G\u00f6\u00dfling), eigentlich Kesselflicker, wird im Spiel f\u00fcr den Herzog zu einer Wand, reizt die Lachmuskeln durch verschmitztes, d\u00fcmmliches Spiel. Schreiner Schnock (Rudolf Feierabend) ist der zahmste L\u00f6we aller Zeiten, der nicht einmal eine Maus schrecken k\u00f6nnte, und der Schneider Matz Schlucker (Heinrich Schumann) denkt, er w\u00e4r der Mond und macht Andere das glauben.<\/p>\n<p>&nbsp;<\/p>\n<p><img loading=\"lazy\" decoding=\"async\" class=\"size-medium wp-image-451 alignright\" src=\"https:\/\/burgspiele-altleiningen.de\/wp-content\/uploads\/2017\/12\/sommer-esel-228x300.jpg\" alt=\"\" width=\"228\" height=\"300\" srcset=\"https:\/\/burgspiele-altleiningen.de\/wp-content\/uploads\/2017\/12\/sommer-esel-228x300.jpg 228w, https:\/\/burgspiele-altleiningen.de\/wp-content\/uploads\/2017\/12\/sommer-esel-206x270.jpg 206w, https:\/\/burgspiele-altleiningen.de\/wp-content\/uploads\/2017\/12\/sommer-esel.jpg 284w\" sizes=\"auto, (max-width: 228px) 100vw, 228px\" \/>Bis alle Rollen gespielt, Selbstmorde begangen sind, haben die Hochzeiter &#8230; ihren Spa\u00df.<br \/>\nDass Puck &#8222;aus Versehen&#8220; den Falschen die richtigen Zaubertropfen verpasst, erh\u00f6hte nat\u00fcrlich den Reiz der Sache, wie Shakespeare es einst wollte. Dass auch Titania und Zettel der &#8222;Verhexung&#8220; Opfer werden, erh\u00f6hte nur die Heiterkeit &#8211; eine Elfenk\u00f6nigin, die verkl\u00e4rt einen Esel liebt &#8211; es ist ein Traum, aber wo enden Tr\u00e4ume?<\/p>\n<p>&nbsp;<\/p>\n<p><img loading=\"lazy\" decoding=\"async\" class=\"size-medium wp-image-459 alignleft\" src=\"https:\/\/burgspiele-altleiningen.de\/wp-content\/uploads\/2017\/12\/sommer-schlussbild-300x236.jpg\" alt=\"\" width=\"300\" height=\"236\" srcset=\"https:\/\/burgspiele-altleiningen.de\/wp-content\/uploads\/2017\/12\/sommer-schlussbild-300x236.jpg 300w, https:\/\/burgspiele-altleiningen.de\/wp-content\/uploads\/2017\/12\/sommer-schlussbild-343x270.jpg 343w, https:\/\/burgspiele-altleiningen.de\/wp-content\/uploads\/2017\/12\/sommer-schlussbild.jpg 399w\" sizes=\"auto, (max-width: 300px) 100vw, 300px\" \/>Carsten G\u00f6\u00dfling schrieb die Musik zum St\u00fcck &#8230; und viele andere halfen zu gutem Gelingen.<\/p>\n<p>&nbsp;<\/p>\n<p>&nbsp;<\/p>\n<p>&nbsp;<\/p>\n<p>&nbsp;<\/p>\n<p>&nbsp;<\/p>\n<p>Ein tolles Geburtstagsgeschenk haben die Burgspiele sich und ihren Fans am Samstagabend spendiert&#8230;.<\/p>\n","protected":false},"excerpt":{"rendered":"<p>&#8222;Ein Sommernachtstraum&#8220; (William Shakespeare) Quelle: Die Rheinpfalz, 19. Juni 2000 &#8222;Beeindruckender Shakespeare&#8220; &nbsp; Mit einer glanzvollen Premiere voll von funkelnden H\u00f6hepunkten, Shakespeares &#8222;Sommernachtstraum&#8220;, gratulierten sich die Burgspiele Altleiningen am Samstagabend zum 20. und zum neuen Theater. Ines Herold bot eine&hellip; <\/p>\n","protected":false},"author":3,"featured_media":0,"parent":187,"menu_order":0,"comment_status":"closed","ping_status":"closed","template":"","meta":{"footnotes":""},"class_list":["post-1057","page","type-page","status-publish","hentry"],"_links":{"self":[{"href":"https:\/\/burgspiele-altleiningen.de\/index.php?rest_route=\/wp\/v2\/pages\/1057","targetHints":{"allow":["GET"]}}],"collection":[{"href":"https:\/\/burgspiele-altleiningen.de\/index.php?rest_route=\/wp\/v2\/pages"}],"about":[{"href":"https:\/\/burgspiele-altleiningen.de\/index.php?rest_route=\/wp\/v2\/types\/page"}],"author":[{"embeddable":true,"href":"https:\/\/burgspiele-altleiningen.de\/index.php?rest_route=\/wp\/v2\/users\/3"}],"replies":[{"embeddable":true,"href":"https:\/\/burgspiele-altleiningen.de\/index.php?rest_route=%2Fwp%2Fv2%2Fcomments&post=1057"}],"version-history":[{"count":12,"href":"https:\/\/burgspiele-altleiningen.de\/index.php?rest_route=\/wp\/v2\/pages\/1057\/revisions"}],"predecessor-version":[{"id":1401,"href":"https:\/\/burgspiele-altleiningen.de\/index.php?rest_route=\/wp\/v2\/pages\/1057\/revisions\/1401"}],"up":[{"embeddable":true,"href":"https:\/\/burgspiele-altleiningen.de\/index.php?rest_route=\/wp\/v2\/pages\/187"}],"wp:attachment":[{"href":"https:\/\/burgspiele-altleiningen.de\/index.php?rest_route=%2Fwp%2Fv2%2Fmedia&parent=1057"}],"curies":[{"name":"wp","href":"https:\/\/api.w.org\/{rel}","templated":true}]}}