{"id":1106,"date":"2018-02-10T14:30:08","date_gmt":"2018-02-10T14:30:08","guid":{"rendered":"http:\/\/burgspiele-altleiningen.net\/?page_id=1106"},"modified":"2018-02-10T15:44:34","modified_gmt":"2018-02-10T15:44:34","slug":"2011-mit-viel-herzblut-in-szene-gesetzt","status":"publish","type":"page","link":"https:\/\/burgspiele-altleiningen.de\/?page_id=1106","title":{"rendered":"2011 &#8211; Mit viel Herzblut in Szene gesetzt"},"content":{"rendered":"<h6 style=\"text-align: center;\"><em><strong>&#8222;Mit viel Herzblut in Szene gesetzt&#8220; (Anja Benndorf)<\/strong><\/em><\/h6>\n<p>&nbsp;<\/p>\n<p style=\"text-align: center;\"><em>Quelle: Verlag: DIE RHEINPFALZ, Publikation: Unterhaardter Rundschau, Dienstag, 21. Juni 2011<\/em><\/p>\n<p>&nbsp;<\/p>\n<h6 style=\"text-align: center;\">ALTLEININGEN:<br \/>\nDie Burgspiele Altleiningen zeigen das Shakespeare-St\u00fcck \u201eWas ihr wollt\u201d &#8211;<br \/>\nGelungene Premiere der Kom\u00f6die<\/h6>\n<p>&nbsp;<\/p>\n<p>Eine turbulente Kom\u00f6die ist in dieser Saison bei den Burgspielen Altleiningen zu sehen &#8211; besser: mitzuerleben. Das Publikum wird sogleich mit der ersten Szene hineingezogen in das St\u00fcck, mitgenommen nach Illyrien, dem Ort des Geschehens des Shakespeare-F\u00fcnfakters \u201eWas ihr wollt\u201d. Am Samstagabend war Premiere &#8211; ein gelungener Auftakt f\u00fcr ein Dutzend Auff\u00fchrungen, f\u00fcr den es viel Applaus gab.<\/p>\n<p>Aus der Ferne ruft ein Horn, Trommelwirbel kommen n\u00e4her, dann jagen pl\u00f6tzlich Frauen, M\u00e4nner und Kinder mit Bockspr\u00fcngen und Purzelb\u00e4umen in den Theatersaal und hinauf ins Scheinwerferlicht der B\u00fchne. Einer aus dem \u201eFahrenden Volk\u201d, Oliver Kesberger, der sp\u00e4ter den Herzog Orsino spielt, allerdings bleibt unten, l\u00e4uft vor der ersten Reihe hin und her und verk\u00fcndet den Besuchern: \u201eWir spielen heute, was ihr wollt!\u201d Das Volksfest hinter ihm verstummt. Vier gro\u00dfe wei\u00dfe Vorh\u00e4nge werden aufgeh\u00e4ngt. Zun\u00e4chst sind sie Umkleidekabinen f\u00fcr die Akteure, denen aus einer Kiste Kleidungsst\u00fccke zugeworfen werden, dann sind sie Teil des spartanischen B\u00fchnenbilds, das hilft, den Blick auf das Wesentliche zu richten.<\/p>\n<p><img loading=\"lazy\" decoding=\"async\" class=\" wp-image-632 aligncenter\" src=\"https:\/\/burgspiele-altleiningen.de\/wp-content\/uploads\/2017\/12\/wasihrwollt-100-300x190.jpg\" alt=\"\" width=\"584\" height=\"370\" srcset=\"https:\/\/burgspiele-altleiningen.de\/wp-content\/uploads\/2017\/12\/wasihrwollt-100-300x190.jpg 300w, https:\/\/burgspiele-altleiningen.de\/wp-content\/uploads\/2017\/12\/wasihrwollt-100-426x270.jpg 426w, https:\/\/burgspiele-altleiningen.de\/wp-content\/uploads\/2017\/12\/wasihrwollt-100.jpg 700w\" sizes=\"auto, (max-width: 584px) 100vw, 584px\" \/><\/p>\n<p>Gro\u00dfe blaue T\u00fccher werden wellenf\u00f6rmig auf und niederbewegt. Begleitet von Ger\u00e4uschen aus Regenmachern und Rasseln wird daraus ein st\u00fcrmisches Meer. Viola (Veronika Kirchner) erleidet mit ihrem Zwillingsbruder Sebastian (Georg Kirchner) Schiffbruch vor der K\u00fcste Illyriens. Bei dem Ungl\u00fcck werden die beiden voneinander getrennt, jeder glaubt vom anderen, dass er\/sie tot sei. Als Viola sich entschlie\u00dft, in M\u00e4nnerkleidung als Cesario in die Dienste von Herzog Orsino einzutreten, nehmen Irrungen und Wirrungen ihren Lauf. Die Charaktere der Figuren, die dem Zuschauer im Lauf der Geschichte begegnen, sind von den Amateurschauspielern herrlich pointiert herausgearbeitet worden.<\/p>\n<p>Herausragend verk\u00f6rpert zum Beispiel Thomas Herold den alkoholabh\u00e4ngigen Junker Tobias von R\u00fclp, den Onkel Olivias. Mit schwei\u00dfnassem, rotem Gesicht kommt er auf die B\u00fchne getorkelt. Er st\u00fcrzt, wobei er so geschickt f\u00e4llt, dass aus dem Weinkrug, den er in der Hand h\u00e4lt, kein Tropfen entweicht. Obwohl er lallt, spricht er sehr deutlich, sodass das Publikum selbst in den hintersten Reihen keine M\u00fche hat, seinen Worten zu folgen. Auch Gestik und Mimik von Herold sind ausgezeichnet.<\/p>\n<p><img loading=\"lazy\" decoding=\"async\" class=\" wp-image-635 aligncenter\" src=\"https:\/\/burgspiele-altleiningen.de\/wp-content\/uploads\/2017\/12\/wasihrwollt-143-229x300.jpg\" alt=\"\" width=\"456\" height=\"597\" srcset=\"https:\/\/burgspiele-altleiningen.de\/wp-content\/uploads\/2017\/12\/wasihrwollt-143-229x300.jpg 229w, https:\/\/burgspiele-altleiningen.de\/wp-content\/uploads\/2017\/12\/wasihrwollt-143-206x270.jpg 206w, https:\/\/burgspiele-altleiningen.de\/wp-content\/uploads\/2017\/12\/wasihrwollt-143.jpg 700w\" sizes=\"auto, (max-width: 456px) 100vw, 456px\" \/><\/p>\n<p>Ebenso fantastisch spielt Alexander Maier den Narren, der putzig aussieht mit seiner hochtoupierten Tolle und der sich durchaus treffend beschreibt, wenn er sagt: \u201eMein Gehirn ist nicht so wirr wie mein Schopf.\u201d<\/p>\n<p><img loading=\"lazy\" decoding=\"async\" class=\" wp-image-640 aligncenter\" src=\"https:\/\/burgspiele-altleiningen.de\/wp-content\/uploads\/2017\/12\/wasihrwollt-003-200x300.jpg\" alt=\"\" width=\"432\" height=\"649\" srcset=\"https:\/\/burgspiele-altleiningen.de\/wp-content\/uploads\/2017\/12\/wasihrwollt-003-200x300.jpg 200w, https:\/\/burgspiele-altleiningen.de\/wp-content\/uploads\/2017\/12\/wasihrwollt-003-683x1024.jpg 683w, https:\/\/burgspiele-altleiningen.de\/wp-content\/uploads\/2017\/12\/wasihrwollt-003-180x270.jpg 180w, https:\/\/burgspiele-altleiningen.de\/wp-content\/uploads\/2017\/12\/wasihrwollt-003.jpg 700w\" sizes=\"auto, (max-width: 432px) 100vw, 432px\" \/><\/p>\n<p>Gemeinsam mit dem Edelmann Christoph von Bleichenwang (Jochen Knauff) bilden der Narr und Tobias ein urkomisches Trio, das immer wieder f\u00fcr Lacher sorgt.<\/p>\n<p><img loading=\"lazy\" decoding=\"async\" class=\" wp-image-634 aligncenter\" src=\"https:\/\/burgspiele-altleiningen.de\/wp-content\/uploads\/2017\/12\/wasihrwollt-137-263x300.jpg\" alt=\"\" width=\"449\" height=\"512\" srcset=\"https:\/\/burgspiele-altleiningen.de\/wp-content\/uploads\/2017\/12\/wasihrwollt-137-263x300.jpg 263w, https:\/\/burgspiele-altleiningen.de\/wp-content\/uploads\/2017\/12\/wasihrwollt-137-237x270.jpg 237w, https:\/\/burgspiele-altleiningen.de\/wp-content\/uploads\/2017\/12\/wasihrwollt-137.jpg 700w\" sizes=\"auto, (max-width: 449px) 100vw, 449px\" \/><\/p>\n<p>Eher eine tragische Rolle hat William Shakespeare in seinem 1601 verfassten St\u00fcck mit dem Originaltitel \u201eTwelfth night\u201d Olivias Haushofmeister Malvolio zugedacht. Gro\u00dfartig, wie Martin Steinmetz den zugleich naiven, ehrgeizigen und hochn\u00e4sigen Mann mimt, dem das Dreiergespann inklusive der Zofe Maria (Anja G\u00f6\u00dfling) \u00fcbel mitspielt.<\/p>\n<p><img loading=\"lazy\" decoding=\"async\" class=\" wp-image-629 aligncenter\" src=\"https:\/\/burgspiele-altleiningen.de\/wp-content\/uploads\/2017\/12\/wasihrwollt-007-297x300.jpg\" alt=\"\" width=\"464\" height=\"469\" srcset=\"https:\/\/burgspiele-altleiningen.de\/wp-content\/uploads\/2017\/12\/wasihrwollt-007-297x300.jpg 297w, https:\/\/burgspiele-altleiningen.de\/wp-content\/uploads\/2017\/12\/wasihrwollt-007-267x270.jpg 267w, https:\/\/burgspiele-altleiningen.de\/wp-content\/uploads\/2017\/12\/wasihrwollt-007.jpg 700w\" sizes=\"auto, (max-width: 464px) 100vw, 464px\" \/><\/p>\n<p>Als ausf\u00fchrendes Organ dieser Intrige tritt Gerichtsdiener Fabio (Robert Kirchner) auf.<\/p>\n<p>Im Mittelpunkt steht die reiche Gr\u00e4fin Olivia (Franziska Kirchner), die als \u201esch\u00f6ne Grausamkeit\u201d daher kommt: Herzog Orsino verzehrt sich nach ihr in einer \u201eTr\u00e4nenflut der Anbetung\u201d, auch Junker Christoph w\u00fcrde sie gern heiraten, und Tobias ist hinter ihrem Geld her, um seine Saufgelage finanzieren zu k\u00f6nnen. Sie selbst wiederum hat sich in Cesario verguckt, die\/der sich verst\u00e4ndlicherweise auf nichts einlassen will, zumal sie\/er den Herzog liebt.<\/p>\n<p><img loading=\"lazy\" decoding=\"async\" class=\" wp-image-631 aligncenter\" src=\"https:\/\/burgspiele-altleiningen.de\/wp-content\/uploads\/2017\/12\/wasihrwollt-011-300x194.jpg\" alt=\"\" width=\"530\" height=\"343\" srcset=\"https:\/\/burgspiele-altleiningen.de\/wp-content\/uploads\/2017\/12\/wasihrwollt-011-300x194.jpg 300w, https:\/\/burgspiele-altleiningen.de\/wp-content\/uploads\/2017\/12\/wasihrwollt-011-418x270.jpg 418w, https:\/\/burgspiele-altleiningen.de\/wp-content\/uploads\/2017\/12\/wasihrwollt-011.jpg 700w\" sizes=\"auto, (max-width: 530px) 100vw, 530px\" \/><\/p>\n<p>Das Ende ist vers\u00f6hnlich, Schiffshauptmann Antonio (Moses Back) kommt von seinen Ketten frei, Viola bekommt Orsino und Olivia Sebastian.<\/p>\n<p><img loading=\"lazy\" decoding=\"async\" class=\" wp-image-636 aligncenter\" src=\"https:\/\/burgspiele-altleiningen.de\/wp-content\/uploads\/2017\/12\/wasihrwollt-238-300x264.jpg\" alt=\"\" width=\"490\" height=\"431\" srcset=\"https:\/\/burgspiele-altleiningen.de\/wp-content\/uploads\/2017\/12\/wasihrwollt-238-300x264.jpg 300w, https:\/\/burgspiele-altleiningen.de\/wp-content\/uploads\/2017\/12\/wasihrwollt-238-306x270.jpg 306w, https:\/\/burgspiele-altleiningen.de\/wp-content\/uploads\/2017\/12\/wasihrwollt-238.jpg 700w\" sizes=\"auto, (max-width: 490px) 100vw, 490px\" \/><\/p>\n<p>Das Res\u00fcmee: Die perfekt kost\u00fcmierten Akteure, darunter ebenso \u201ealte Hasen\u201d wie \u201eFrischlinge\u201d, haben den Stoff f\u00fcr die unterhaltsame Kom\u00f6die mit reichlich Wellen- und wenig Tiefgang unter der Regie von Susanne Rechner und Manuela Spie\u00df in gewohnt vorz\u00fcglicher Weise mit viel Herzblut umgesetzt.<\/p>\n<p><img loading=\"lazy\" decoding=\"async\" class=\" wp-image-630 aligncenter\" src=\"https:\/\/burgspiele-altleiningen.de\/wp-content\/uploads\/2017\/12\/wasihrwollt-010-300x104.jpg\" alt=\"\" width=\"736\" height=\"255\" srcset=\"https:\/\/burgspiele-altleiningen.de\/wp-content\/uploads\/2017\/12\/wasihrwollt-010-300x104.jpg 300w, https:\/\/burgspiele-altleiningen.de\/wp-content\/uploads\/2017\/12\/wasihrwollt-010-604x209.jpg 604w, https:\/\/burgspiele-altleiningen.de\/wp-content\/uploads\/2017\/12\/wasihrwollt-010.jpg 700w\" sizes=\"auto, (max-width: 736px) 100vw, 736px\" \/><\/p>\n","protected":false},"excerpt":{"rendered":"<p>&#8222;Mit viel Herzblut in Szene gesetzt&#8220; (Anja Benndorf) &nbsp; Quelle: Verlag: DIE RHEINPFALZ, Publikation: Unterhaardter Rundschau, Dienstag, 21. Juni 2011 &nbsp; ALTLEININGEN: Die Burgspiele Altleiningen zeigen das Shakespeare-St\u00fcck \u201eWas ihr wollt\u201d &#8211; Gelungene Premiere der Kom\u00f6die &nbsp; Eine turbulente Kom\u00f6die&hellip; <\/p>\n","protected":false},"author":4,"featured_media":0,"parent":187,"menu_order":0,"comment_status":"closed","ping_status":"closed","template":"","meta":{"footnotes":""},"class_list":["post-1106","page","type-page","status-publish","hentry"],"_links":{"self":[{"href":"https:\/\/burgspiele-altleiningen.de\/index.php?rest_route=\/wp\/v2\/pages\/1106","targetHints":{"allow":["GET"]}}],"collection":[{"href":"https:\/\/burgspiele-altleiningen.de\/index.php?rest_route=\/wp\/v2\/pages"}],"about":[{"href":"https:\/\/burgspiele-altleiningen.de\/index.php?rest_route=\/wp\/v2\/types\/page"}],"author":[{"embeddable":true,"href":"https:\/\/burgspiele-altleiningen.de\/index.php?rest_route=\/wp\/v2\/users\/4"}],"replies":[{"embeddable":true,"href":"https:\/\/burgspiele-altleiningen.de\/index.php?rest_route=%2Fwp%2Fv2%2Fcomments&post=1106"}],"version-history":[{"count":7,"href":"https:\/\/burgspiele-altleiningen.de\/index.php?rest_route=\/wp\/v2\/pages\/1106\/revisions"}],"predecessor-version":[{"id":1211,"href":"https:\/\/burgspiele-altleiningen.de\/index.php?rest_route=\/wp\/v2\/pages\/1106\/revisions\/1211"}],"up":[{"embeddable":true,"href":"https:\/\/burgspiele-altleiningen.de\/index.php?rest_route=\/wp\/v2\/pages\/187"}],"wp:attachment":[{"href":"https:\/\/burgspiele-altleiningen.de\/index.php?rest_route=%2Fwp%2Fv2%2Fmedia&parent=1106"}],"curies":[{"name":"wp","href":"https:\/\/api.w.org\/{rel}","templated":true}]}}