{"id":1117,"date":"2018-02-10T14:43:42","date_gmt":"2018-02-10T14:43:42","guid":{"rendered":"http:\/\/burgspiele-altleiningen.net\/?page_id=1117"},"modified":"2018-02-10T14:46:40","modified_gmt":"2018-02-10T14:46:40","slug":"2001-ausstellung-figuren-farben-traeume","status":"publish","type":"page","link":"https:\/\/burgspiele-altleiningen.de\/?page_id=1117","title":{"rendered":"2001 &#8211; Ausstellung &#8222;Figuren, Farben, Tr\u00e4ume&#8220;"},"content":{"rendered":"<h6 style=\"text-align: center;\"><em><strong>Burgspiele Altleiningen &#8211; Ausstellung &#8218;Figuren, Farben, Tr\u00e4ume&#8216; auf unserer B\u00fchne<\/strong><\/em><\/h6>\n<p style=\"text-align: center;\"><em>Quelle: Die Rheinpfalz, Unterhaardter Rundschau, 7. Juni 2001 <\/em><\/p>\n<h6 style=\"text-align: center;\">Leichte Elfen und tollpatschige Handwerker<br \/>\n<em>Norbert K\u00e4mmer zeigt Traumbilder in Altleininger Burg &#8211;<br \/>\nGegens\u00e4tzliches in dreidimensionale Form gebracht<\/em><\/h6>\n<p>&nbsp;<\/p>\n<p>Zur Zeit werden im Theater der Burgspiele Altleiningen Aquarelle und Montagen des Deidesheimer Grafikers Norbert K\u00e4mmer gezeigt.<\/p>\n<p><img loading=\"lazy\" decoding=\"async\" class=\"size-medium wp-image-485 alignleft\" src=\"https:\/\/burgspiele-altleiningen.de\/wp-content\/uploads\/2017\/12\/2001-vernissage03-300x229.jpg\" alt=\"\" width=\"300\" height=\"229\" srcset=\"https:\/\/burgspiele-altleiningen.de\/wp-content\/uploads\/2017\/12\/2001-vernissage03-300x229.jpg 300w, https:\/\/burgspiele-altleiningen.de\/wp-content\/uploads\/2017\/12\/2001-vernissage03.jpg 340w\" sizes=\"auto, (max-width: 300px) 100vw, 300px\" \/>Der sah dort im vergangenen Jahr, was die Amateure der Burgspiele aus Shakespeares &#8222;Sommernachtstraum&#8220; gemacht haben und war so bezaubert, dass er auf seine Art weiter tr\u00e4umte.<\/p>\n<p>Carsten G\u00f6\u00dfling von den Theaterleuten stellte bei der Ausstellungser\u00f6ffnung Ensemble und Theater vor. Ohne \u00f6ffentliche Mittel und Steuergelder w\u00e4re es im vergangenen Jahr m\u00f6glich gewesen, sagte er, den Raum zu erneuern. Man plane, ihn \u00f6fter f\u00fcr kulturelle Veranstaltungen zu \u00f6ffnen.<\/p>\n<p><img loading=\"lazy\" decoding=\"async\" class=\"size-medium wp-image-488 alignright\" src=\"https:\/\/burgspiele-altleiningen.de\/wp-content\/uploads\/2017\/12\/2001-vernissage02-257x300.jpg\" alt=\"\" width=\"257\" height=\"300\" srcset=\"https:\/\/burgspiele-altleiningen.de\/wp-content\/uploads\/2017\/12\/2001-vernissage02-257x300.jpg 257w, https:\/\/burgspiele-altleiningen.de\/wp-content\/uploads\/2017\/12\/2001-vernissage02-231x270.jpg 231w, https:\/\/burgspiele-altleiningen.de\/wp-content\/uploads\/2017\/12\/2001-vernissage02.jpg 340w\" sizes=\"auto, (max-width: 257px) 100vw, 257px\" \/>Dr. Ekkehard R\u00e4hmer, Freund des Grafikers, hatte die Einf\u00fchrung \u00fcbernommen und vertiefte, was mit dem Theaterspiel geschehen war. Dass n\u00e4mlich ein Traum weiter getr\u00e4umt worden sei und daher &#8222;zauberhafte und traumhafte Figuren durch die Welt reisen und sich in wundersamer Weise st\u00e4ndig ver\u00e4ndern&#8220;. R\u00e4hmer zitierte Gegens\u00e4tze: die Elfen in ihrer Leichtigkeit, die tollpatschigen Handwerksburschen und die Menschen, die wesentlicher Teil dieser &#8222;Beziehungskisten&#8220; seien.<\/p>\n<p>Ein Blick in die Ausstellung zeigt, was gemeint ist: K\u00e4mmer faltet, knickt, rafft, zieht und klebt so lange, bis die dritte Dimension sichtbar wird. Mit dicken Passepartouts erreicht er, dass sie auch erhalten bleibt.<br \/>\nPuck &#8211; klein, gr\u00fcn, stachelhaarig &#8211; wuselt herum, fantastische Pflanzen und skurrile Wolken bilden Hintergr\u00fcnde, sind wesentlich f\u00fcrs Ganze.<\/p>\n<p><img loading=\"lazy\" decoding=\"async\" class=\"size-full wp-image-486 alignleft\" src=\"https:\/\/burgspiele-altleiningen.de\/wp-content\/uploads\/2017\/12\/2001-.jpg\" alt=\"\" width=\"283\" height=\"211\" \/>K\u00e4mmer tr\u00e4umt den &#8222;Elfentanz unter dem Sternenbogen&#8220;, baut den Traum- und den Mondpalast, die Traumbl\u00fcte und Traumstadt. Der Titel der Ausstellung weckt die Neugierde: &#8222;Figuren, Farben, Tr\u00e4ume, Inspirationen&#8220; habe er aufs Papier gebracht. Zwei der Exponate wurden bereits w\u00e4hrend der Er\u00f6ffnung verkauft.<\/p>\n<p>Da auch in diesem Jahr der &#8222;Sommernachtstraum&#8220; gespielt wird, lassen sich die Tr\u00e4ume wunderbar mit dem Geschehen auf der B\u00fchne vergleichen. Es ist zu erwarten, dass von Theaterabend zu Theaterabend weitere &#8222;rote Punkte&#8220; auf K\u00e4mmers Bildern zeigen, dass nicht nur Puck und &#8222;die Seinen&#8220; auf der B\u00fchne verzaubern k\u00f6nnen. Das tut K\u00e4mmer auch &#8211; auf seine Art.<\/p>\n<p><img loading=\"lazy\" decoding=\"async\" class=\"size-medium wp-image-487 alignright\" src=\"https:\/\/burgspiele-altleiningen.de\/wp-content\/uploads\/2017\/12\/2001-vernissage01-300x229.jpg\" alt=\"\" width=\"300\" height=\"229\" srcset=\"https:\/\/burgspiele-altleiningen.de\/wp-content\/uploads\/2017\/12\/2001-vernissage01-300x229.jpg 300w, https:\/\/burgspiele-altleiningen.de\/wp-content\/uploads\/2017\/12\/2001-vernissage01.jpg 340w\" sizes=\"auto, (max-width: 300px) 100vw, 300px\" \/>Der K\u00fcnstler dankte seinen vielen Helfern und ganz besonders Friedrich Armbrust von &#8222;Work Art&#8220;, ohne dessen K\u00f6nnen eine so gegl\u00fcckte Anordnung der Exponate nicht m\u00f6glich gewesen w\u00e4re. Auch dankte er Boris Schulte-R\u00f6mer und Maurizio Puopolo, deren Gitarrenspiel einen feinen Rahmen bot. Bis auf einen Blues, so K\u00e4mmer, habe er ihnen freie Hand gelassen. Ihre Musikauswahl begeisterte die Zuh\u00f6rer. (ema)<\/p>\n","protected":false},"excerpt":{"rendered":"<p>Burgspiele Altleiningen &#8211; Ausstellung &#8218;Figuren, Farben, Tr\u00e4ume&#8216; auf unserer B\u00fchne Quelle: Die Rheinpfalz, Unterhaardter Rundschau, 7. Juni 2001 Leichte Elfen und tollpatschige Handwerker Norbert K\u00e4mmer zeigt Traumbilder in Altleininger Burg &#8211; Gegens\u00e4tzliches in dreidimensionale Form gebracht &nbsp; Zur Zeit werden&hellip; <\/p>\n","protected":false},"author":3,"featured_media":0,"parent":187,"menu_order":0,"comment_status":"closed","ping_status":"closed","template":"","meta":{"footnotes":""},"class_list":["post-1117","page","type-page","status-publish","hentry"],"_links":{"self":[{"href":"https:\/\/burgspiele-altleiningen.de\/index.php?rest_route=\/wp\/v2\/pages\/1117","targetHints":{"allow":["GET"]}}],"collection":[{"href":"https:\/\/burgspiele-altleiningen.de\/index.php?rest_route=\/wp\/v2\/pages"}],"about":[{"href":"https:\/\/burgspiele-altleiningen.de\/index.php?rest_route=\/wp\/v2\/types\/page"}],"author":[{"embeddable":true,"href":"https:\/\/burgspiele-altleiningen.de\/index.php?rest_route=\/wp\/v2\/users\/3"}],"replies":[{"embeddable":true,"href":"https:\/\/burgspiele-altleiningen.de\/index.php?rest_route=%2Fwp%2Fv2%2Fcomments&post=1117"}],"version-history":[{"count":4,"href":"https:\/\/burgspiele-altleiningen.de\/index.php?rest_route=\/wp\/v2\/pages\/1117\/revisions"}],"predecessor-version":[{"id":1133,"href":"https:\/\/burgspiele-altleiningen.de\/index.php?rest_route=\/wp\/v2\/pages\/1117\/revisions\/1133"}],"up":[{"embeddable":true,"href":"https:\/\/burgspiele-altleiningen.de\/index.php?rest_route=\/wp\/v2\/pages\/187"}],"wp:attachment":[{"href":"https:\/\/burgspiele-altleiningen.de\/index.php?rest_route=%2Fwp%2Fv2%2Fmedia&parent=1117"}],"curies":[{"name":"wp","href":"https:\/\/api.w.org\/{rel}","templated":true}]}}