{"id":1238,"date":"2018-02-10T16:21:20","date_gmt":"2018-02-10T16:21:20","guid":{"rendered":"http:\/\/burgspiele-altleiningen.net\/?page_id=1238"},"modified":"2018-02-10T16:24:15","modified_gmt":"2018-02-10T16:24:15","slug":"2004-sehenswerte-und-vorzuegliche-theaterarbeit","status":"publish","type":"page","link":"https:\/\/burgspiele-altleiningen.de\/?page_id=1238","title":{"rendered":"2004 &#8211; Sehenswerte und vorz\u00fcgliche Theaterarbeit"},"content":{"rendered":"<h6 style=\"text-align: center;\"><em><strong>\u201eMagnolien im Herbst\u201c (William Dinner\/William Morum)<\/strong><\/em><\/h6>\n<p style=\"text-align: center;\"><em>Quelle: Die Rheinpfalz, 21. Juni 2004<\/em><\/p>\n<p>&nbsp;<\/p>\n<h6 style=\"text-align: center;\">Sehenswerte und vorz\u00fcgliche Theaterarbeit (Waltraud Werdelis)<\/h6>\n<h6 style=\"text-align: center;\">ALTLEININGEN: Burgschauspieler zeigen \u201eMagnolien im Herbst\u201c<\/h6>\n<p>&nbsp;<\/p>\n<p>Wer w\u00fcnscht sich das nicht? Im Alter noch fit zu sein &#8211; k\u00f6rperlich wie geistig -, ein Ziel vor Augen zu haben und auch die M\u00f6glichkeit nicht auszuschlie\u00dfen, dass die (gro\u00dfe) Liebe noch auf einen wartet? In diesem Sommer wird allen, denen f\u00fcr solch einen Traum noch das Vorbild fehlt, ein Passendes geboten: Die Burgspiele Altleiningen zeigen &#8222;Magnolien im Herbst&#8220;, die Geschichte dreier Frauen, die aus dem Altersheim fliehen und zu neuen Ufern aufbrechen.<\/p>\n<p><img loading=\"lazy\" decoding=\"async\" class=\"size-medium wp-image-1256 alignleft\" src=\"https:\/\/burgspiele-altleiningen.de\/wp-content\/uploads\/2018\/02\/magnolien11-300x181.jpg\" alt=\"\" width=\"300\" height=\"181\" srcset=\"https:\/\/burgspiele-altleiningen.de\/wp-content\/uploads\/2018\/02\/magnolien11-300x181.jpg 300w, https:\/\/burgspiele-altleiningen.de\/wp-content\/uploads\/2018\/02\/magnolien11.jpg 600w\" sizes=\"auto, (max-width: 300px) 100vw, 300px\" \/>Doch auch wer sich vom Methusalem-Komplott mittlerweile verfolgt f\u00fchlt und der Vermarktung des Alters in Literatur und Film kritisch gegen\u00fcber steht, kann sich das neue St\u00fcck des Altleininger Amateurtheaters ruhig anschauen. Denn \u00fcber die trotzige Kampfansage dreier Seniorinnen hinaus ist der Dreiakter von William Dinner und William Morum eine spritzige K\u00f6modie mit einer guten Prise schwarzen Humors. Und wer schon &#8222;Arsen und Spitzenh\u00e4ubchen&#8220; oder Hitchcocks Film &#8222;Immer \u00c4rger mit Harry&#8220; gemocht hat, wird hier ebenso auf seine Kosten kommen. Das Premierenpublikum am Samstag jedenfalls goutierte das neue St\u00fcck nicht nur mit langem Beifall am Schluss, sondern auch mit ungewohnt h\u00e4ufigem und f\u00fcr den Spielfluss nicht ganz unproblematischen Szenenapplaus. Verdient haben ihn die acht Schauspieler allemal, allen voran die Grandes Dames des Ensembles. Sie meisterten die gro\u00dfe Aufgabe mit erstaunlicher Souver\u00e4nit\u00e4t und zu Herzen gehender Emotionalit\u00e4t.<\/p>\n<p><img loading=\"lazy\" decoding=\"async\" class=\"wp-image-1261 size-medium alignright\" src=\"https:\/\/burgspiele-altleiningen.de\/wp-content\/uploads\/2018\/02\/magnolien2-300x225.jpg\" alt=\"\" width=\"300\" height=\"225\" srcset=\"https:\/\/burgspiele-altleiningen.de\/wp-content\/uploads\/2018\/02\/magnolien2-300x225.jpg 300w, https:\/\/burgspiele-altleiningen.de\/wp-content\/uploads\/2018\/02\/magnolien2.jpg 700w\" sizes=\"auto, (max-width: 300px) 100vw, 300px\" \/><\/p>\n<p>Doch zun\u00e4chst einmal zur Geschichte: Freda, Joy und Edi fl\u00fcchten mehr aus einem spontanen Freiheitsdrang heraus denn einem wohl\u00fcberlegten Plan folgend aus ihrem &#8222;Wohnstift&#8220;, einer Mischung aus Armenhaus und Besserungsanstalt. Sie stranden in der N\u00e4he eines kleinen englischen Dorfes und besetzen ein verlassenes Haus, das ihnen wie geschaffen f\u00fcr einen gemeinsamen Ruhesitz scheint.<\/p>\n<p>Das Gl\u00fcck bleibt ihnen auch dann hold, als der Besitzer auftaucht und die drei Damen hinauswerfen will: Er stirbt bereits nach wenigen Minuten an einem Herzanfall. Carsten G\u00f6\u00dfling \u00fcberzeugt in diesem kurzen Auftritt als Paul Vanderbloom nicht nur mit seiner Spielkunst, sondern auch in wundervoller Maske. Freda, Joy und Edi finden heraus, dass es sich bei ihm um einen Ganoven und mutma\u00dflichen M\u00f6rder handelt und haben daher keine Skrupel, ihn in einem alten Brunnen zu entsorgen, um ihr Haus zu behalten.<\/p>\n<p><img loading=\"lazy\" decoding=\"async\" class=\"size-medium wp-image-1262 alignleft\" src=\"https:\/\/burgspiele-altleiningen.de\/wp-content\/uploads\/2018\/02\/magnolien3-300x225.jpg\" alt=\"\" width=\"300\" height=\"225\" srcset=\"https:\/\/burgspiele-altleiningen.de\/wp-content\/uploads\/2018\/02\/magnolien3-300x225.jpg 300w, https:\/\/burgspiele-altleiningen.de\/wp-content\/uploads\/2018\/02\/magnolien3.jpg 700w\" sizes=\"auto, (max-width: 300px) 100vw, 300px\" \/>Doch schon bald gibt es wirkliche Probleme. Der Dorfarzt Dr. Hunter sorgt sich um die Gesundheit der neuen Nachbarinnen und will das Brunnenwasser untersuchen lassen.<\/p>\n<p>Au\u00dferdem taucht die Nichte Vanderblooms auf, die sich bei den Frauen einquartiert, um auf ihren Onkel zu warten. Die Leiche muss also wieder aus dem Brunnen herausgeholt und anderweitig entsorgt werden.<\/p>\n<p><img loading=\"lazy\" decoding=\"async\" class=\"size-medium wp-image-1266 alignright\" src=\"https:\/\/burgspiele-altleiningen.de\/wp-content\/uploads\/2018\/02\/magnolien4-300x225.jpg\" alt=\"\" width=\"300\" height=\"225\" srcset=\"https:\/\/burgspiele-altleiningen.de\/wp-content\/uploads\/2018\/02\/magnolien4-300x225.jpg 300w, https:\/\/burgspiele-altleiningen.de\/wp-content\/uploads\/2018\/02\/magnolien4.jpg 700w\" sizes=\"auto, (max-width: 300px) 100vw, 300px\" \/>Dass es bei dieser Aktion zu komischen Missgeschicken, Hysterieanf\u00e4llen und unvorhergesehenen Wendungen kommt, wenn ein neugieriger Arzt, eine misstrauische Untermieterin und ein \u00fcbereifriger Handwerker durch mehrere T\u00fcren st\u00e4ndig ein und ausgehen und den Plan durcheinanderbringen, macht den eigentlichen Reiz der Kom\u00f6die aus.<\/p>\n<p><img loading=\"lazy\" decoding=\"async\" class=\"size-medium wp-image-533 alignleft\" src=\"https:\/\/burgspiele-altleiningen.de\/wp-content\/uploads\/2017\/12\/magnolien3-262x300.jpg\" alt=\"\" width=\"262\" height=\"300\" srcset=\"https:\/\/burgspiele-altleiningen.de\/wp-content\/uploads\/2017\/12\/magnolien3-262x300.jpg 262w, https:\/\/burgspiele-altleiningen.de\/wp-content\/uploads\/2017\/12\/magnolien3-236x270.jpg 236w, https:\/\/burgspiele-altleiningen.de\/wp-content\/uploads\/2017\/12\/magnolien3.jpg 567w\" sizes=\"auto, (max-width: 262px) 100vw, 262px\" \/>Und so ist ein flottes Tempo und exaktes Timing bei der Inszenierung dieses Lustspiels das A und O. Beides ist den Regisseuren Carsten G\u00f6\u00dfling und Susanne Rechner vortrefflich gelungen. Daf\u00fcr, dass sie die L\u00e4nge des handlungsreichen und dadurch schwer zu straffenden St\u00fcckes gut gemeistert haben, geb\u00fchrt ihnen ebenso viel Lob wie f\u00fcr die erfolgreiche Arbeit mit den Darstellern.<\/p>\n<p><img loading=\"lazy\" decoding=\"async\" class=\"size-medium wp-image-525 alignright\" src=\"https:\/\/burgspiele-altleiningen.de\/wp-content\/uploads\/2017\/12\/magnolien5-300x225.jpg\" alt=\"\" width=\"300\" height=\"225\" srcset=\"https:\/\/burgspiele-altleiningen.de\/wp-content\/uploads\/2017\/12\/magnolien5-300x225.jpg 300w, https:\/\/burgspiele-altleiningen.de\/wp-content\/uploads\/2017\/12\/magnolien5-360x270.jpg 360w, https:\/\/burgspiele-altleiningen.de\/wp-content\/uploads\/2017\/12\/magnolien5.jpg 700w\" sizes=\"auto, (max-width: 300px) 100vw, 300px\" \/>Was B\u00e4rbel Aue als tonangebende Freda, Gerlinde Rechner als gef\u00fchlsduselige Joy und Hertha Drescher als die kleinkriminelle und dem Alkohol zusprechende Edi an Text und k\u00f6rperlicher wie mimischer Arbeit auf der B\u00fchne bew\u00e4ltigen m\u00fcssen, ist enorm. Alle drei holen aus den unterschiedlichen Frauenbildern alles heraus und wirken als Trio dennoch homogen. Zudem \u00fcberraschen sie als Chansonniers in drei Songs aus der Feder von G\u00f6\u00dfling\/Rechner, die von Manuela Spie\u00df am Klavier hervorragend begleitet werden.<\/p>\n<p><img loading=\"lazy\" decoding=\"async\" class=\"size-medium wp-image-529 alignleft\" src=\"https:\/\/burgspiele-altleiningen.de\/wp-content\/uploads\/2017\/12\/magnolien-schlussbild-300x174.jpg\" alt=\"\" width=\"300\" height=\"174\" srcset=\"https:\/\/burgspiele-altleiningen.de\/wp-content\/uploads\/2017\/12\/magnolien-schlussbild-300x174.jpg 300w, https:\/\/burgspiele-altleiningen.de\/wp-content\/uploads\/2017\/12\/magnolien-schlussbild-768x445.jpg 768w, https:\/\/burgspiele-altleiningen.de\/wp-content\/uploads\/2017\/12\/magnolien-schlussbild-466x270.jpg 466w, https:\/\/burgspiele-altleiningen.de\/wp-content\/uploads\/2017\/12\/magnolien-schlussbild.jpg 850w\" sizes=\"auto, (max-width: 300px) 100vw, 300px\" \/>Die \u00fcbrigen Akteure als blo\u00dfe Stichwortgeber zu betrachten, w\u00e4re ma\u00dflos untertrieben. Willy Hiebert in der Rolle des Dr. Hunter ist in gewohnt imposanter Manier ein Segen f\u00fcr die Inzenierung. Ina G\u00f6\u00dfling als Nichte Miss Jackson beherrscht die ganze Bandbreite von hilflos-verlassen bis biestig-verschlagen, und Alexander Maier gibt den Handwerker Joe Pollop mit angenehm zur\u00fcckhaltender Ironie.<\/p>\n<p>Selbst die undankbare und kleine Rolle des Dorfpolizisten, der zum Gl\u00fcck der drei Hausbesetzerinnen gar zu vertrottelt ist, wurde mit Markus Jotter gut besetzt. Sorgf\u00e4ltige Requisite und ein aufw\u00e4ndiges B\u00fchnenbild tun ihr nicht zu untersch\u00e4tzendes \u00dcbriges f\u00fcr eine gelungene Inszenierung.<\/p>\n<p>\u201eMagnolien im Herbst\u201c ist eine sehenswerte Arbeit der Burgspiele, f\u00fcr die man gerne sein Sitzfleisch knappe drei Stunden qu\u00e4lt. (ww)<\/p>\n","protected":false},"excerpt":{"rendered":"<p>\u201eMagnolien im Herbst\u201c (William Dinner\/William Morum) Quelle: Die Rheinpfalz, 21. Juni 2004 &nbsp; Sehenswerte und vorz\u00fcgliche Theaterarbeit (Waltraud Werdelis) ALTLEININGEN: Burgschauspieler zeigen \u201eMagnolien im Herbst\u201c &nbsp; Wer w\u00fcnscht sich das nicht? Im Alter noch fit zu sein &#8211; k\u00f6rperlich wie&hellip; <\/p>\n","protected":false},"author":3,"featured_media":0,"parent":187,"menu_order":0,"comment_status":"closed","ping_status":"closed","template":"","meta":{"footnotes":""},"class_list":["post-1238","page","type-page","status-publish","hentry"],"_links":{"self":[{"href":"https:\/\/burgspiele-altleiningen.de\/index.php?rest_route=\/wp\/v2\/pages\/1238","targetHints":{"allow":["GET"]}}],"collection":[{"href":"https:\/\/burgspiele-altleiningen.de\/index.php?rest_route=\/wp\/v2\/pages"}],"about":[{"href":"https:\/\/burgspiele-altleiningen.de\/index.php?rest_route=\/wp\/v2\/types\/page"}],"author":[{"embeddable":true,"href":"https:\/\/burgspiele-altleiningen.de\/index.php?rest_route=\/wp\/v2\/users\/3"}],"replies":[{"embeddable":true,"href":"https:\/\/burgspiele-altleiningen.de\/index.php?rest_route=%2Fwp%2Fv2%2Fcomments&post=1238"}],"version-history":[{"count":5,"href":"https:\/\/burgspiele-altleiningen.de\/index.php?rest_route=\/wp\/v2\/pages\/1238\/revisions"}],"predecessor-version":[{"id":1280,"href":"https:\/\/burgspiele-altleiningen.de\/index.php?rest_route=\/wp\/v2\/pages\/1238\/revisions\/1280"}],"up":[{"embeddable":true,"href":"https:\/\/burgspiele-altleiningen.de\/index.php?rest_route=\/wp\/v2\/pages\/187"}],"wp:attachment":[{"href":"https:\/\/burgspiele-altleiningen.de\/index.php?rest_route=%2Fwp%2Fv2%2Fmedia&parent=1238"}],"curies":[{"name":"wp","href":"https:\/\/api.w.org\/{rel}","templated":true}]}}