{"id":1289,"date":"2018-02-10T16:30:13","date_gmt":"2018-02-10T16:30:13","guid":{"rendered":"http:\/\/burgspiele-altleiningen.net\/?page_id=1289"},"modified":"2018-02-10T16:30:13","modified_gmt":"2018-02-10T16:30:13","slug":"1992-die-schule-der-frauen","status":"publish","type":"page","link":"https:\/\/burgspiele-altleiningen.de\/?page_id=1289","title":{"rendered":"1992 &#8211; Die Schule der Frauen"},"content":{"rendered":"<h3 style=\"text-align: center;\">&#8218;Die Schule der Frauen&#8216;<\/h3>\n<p style=\"text-align: center;\">\n<span class=\"style8\"><em>(Moli\u00e8re)<\/em> <\/span><\/p>\n<p>Arnolphe, ein Junggeselle, der mit Vorliebe \u00fcber betrogene Ehem\u00e4nner spottet, hofft, diesem Schicksal in seiner eigenen Ehe dadurch zu entgehen, dass er seine Auserw\u00e4hlte in Unwissenheit aufwachsen l\u00e4sst. Doch die &#8222;Schule der Frauen&#8220; belehrt ihn eines Besseren.<\/p>\n<p><img loading=\"lazy\" decoding=\"async\" class=\"alignnone size-medium wp-image-416\" src=\"https:\/\/burgspiele-altleiningen.de\/wp-content\/uploads\/2017\/12\/schule3-300x196.jpg\" alt=\"\" width=\"300\" height=\"196\" srcset=\"https:\/\/burgspiele-altleiningen.de\/wp-content\/uploads\/2017\/12\/schule3-300x196.jpg 300w, https:\/\/burgspiele-altleiningen.de\/wp-content\/uploads\/2017\/12\/schule3.jpg 383w\" sizes=\"auto, (max-width: 300px) 100vw, 300px\" \/> <img loading=\"lazy\" decoding=\"async\" class=\"alignnone size-full wp-image-415\" src=\"https:\/\/burgspiele-altleiningen.de\/wp-content\/uploads\/2017\/12\/schule2.jpg\" alt=\"\" width=\"188\" height=\"250\" \/> <img loading=\"lazy\" decoding=\"async\" class=\"alignnone size-medium wp-image-414\" src=\"https:\/\/burgspiele-altleiningen.de\/wp-content\/uploads\/2017\/12\/schule1-300x221.jpg\" alt=\"\" width=\"300\" height=\"221\" srcset=\"https:\/\/burgspiele-altleiningen.de\/wp-content\/uploads\/2017\/12\/schule1-300x221.jpg 300w, https:\/\/burgspiele-altleiningen.de\/wp-content\/uploads\/2017\/12\/schule1.jpg 340w\" sizes=\"auto, (max-width: 300px) 100vw, 300px\" \/> <img loading=\"lazy\" decoding=\"async\" class=\"alignnone size-medium wp-image-413\" src=\"https:\/\/burgspiele-altleiningen.de\/wp-content\/uploads\/2017\/12\/schule4-160x300.jpg\" alt=\"\" width=\"160\" height=\"300\" srcset=\"https:\/\/burgspiele-altleiningen.de\/wp-content\/uploads\/2017\/12\/schule4-160x300.jpg 160w, https:\/\/burgspiele-altleiningen.de\/wp-content\/uploads\/2017\/12\/schule4-144x270.jpg 144w, https:\/\/burgspiele-altleiningen.de\/wp-content\/uploads\/2017\/12\/schule4.jpg 224w\" sizes=\"auto, (max-width: 160px) 100vw, 160px\" \/><\/p>\n","protected":false},"excerpt":{"rendered":"<p>&#8218;Die Schule der Frauen&#8216; (Moli\u00e8re) Arnolphe, ein Junggeselle, der mit Vorliebe \u00fcber betrogene Ehem\u00e4nner spottet, hofft, diesem Schicksal in seiner eigenen Ehe dadurch zu entgehen, dass er seine Auserw\u00e4hlte in Unwissenheit aufwachsen l\u00e4sst. Doch die &#8222;Schule der Frauen&#8220; belehrt ihn&hellip; <\/p>\n","protected":false},"author":4,"featured_media":0,"parent":71,"menu_order":0,"comment_status":"closed","ping_status":"closed","template":"","meta":{"footnotes":""},"class_list":["post-1289","page","type-page","status-publish","hentry"],"_links":{"self":[{"href":"https:\/\/burgspiele-altleiningen.de\/index.php?rest_route=\/wp\/v2\/pages\/1289","targetHints":{"allow":["GET"]}}],"collection":[{"href":"https:\/\/burgspiele-altleiningen.de\/index.php?rest_route=\/wp\/v2\/pages"}],"about":[{"href":"https:\/\/burgspiele-altleiningen.de\/index.php?rest_route=\/wp\/v2\/types\/page"}],"author":[{"embeddable":true,"href":"https:\/\/burgspiele-altleiningen.de\/index.php?rest_route=\/wp\/v2\/users\/4"}],"replies":[{"embeddable":true,"href":"https:\/\/burgspiele-altleiningen.de\/index.php?rest_route=%2Fwp%2Fv2%2Fcomments&post=1289"}],"version-history":[{"count":1,"href":"https:\/\/burgspiele-altleiningen.de\/index.php?rest_route=\/wp\/v2\/pages\/1289\/revisions"}],"predecessor-version":[{"id":1290,"href":"https:\/\/burgspiele-altleiningen.de\/index.php?rest_route=\/wp\/v2\/pages\/1289\/revisions\/1290"}],"up":[{"embeddable":true,"href":"https:\/\/burgspiele-altleiningen.de\/index.php?rest_route=\/wp\/v2\/pages\/71"}],"wp:attachment":[{"href":"https:\/\/burgspiele-altleiningen.de\/index.php?rest_route=%2Fwp%2Fv2%2Fmedia&parent=1289"}],"curies":[{"name":"wp","href":"https:\/\/api.w.org\/{rel}","templated":true}]}}