{"id":1295,"date":"2018-02-10T16:41:51","date_gmt":"2018-02-10T16:41:51","guid":{"rendered":"http:\/\/burgspiele-altleiningen.net\/?page_id=1295"},"modified":"2018-02-10T16:41:51","modified_gmt":"2018-02-10T16:41:51","slug":"2005-ein-passendes-geschenk-zum-jubilaeum","status":"publish","type":"page","link":"https:\/\/burgspiele-altleiningen.de\/?page_id=1295","title":{"rendered":"2005 &#8211; Ein passendes Geschenk zum Jubil\u00e4um"},"content":{"rendered":"<h6 style=\"text-align: center;\"><em><strong>Ein passendes Geschenk zum Jubil\u00e4um (Waltraud Werdelis)<\/strong><\/em><\/h6>\n<p>&nbsp;<\/p>\n<p style=\"text-align: center;\"><em>Quelle: DIE RHEINPFALZ Regionalausgabe: Unterhaardter Rundschau Nr.140, Montag, den 20. Juni 2005<\/em><\/p>\n<p>&nbsp;<\/p>\n<h6 style=\"text-align: center;\">ALTLEININGEN: Publikum mit \u201eViel L\u00e4rm um Nichts\u201c zum 25. Geburtstag der Burgspiele erfreut<\/h6>\n<p>&nbsp;<\/p>\n<p>Unbeschwert und sommerlich leicht sollte das Theaterst\u00fcck sein, das die Burgspiele Altleiningen sich und ihrem treuen Publikum anl\u00e4sslich des 25. Geburtstags der Schauspielgruppe zum Geschenk machen wollten. Die Wahl fiel auf Shakespeares &#8222;Viel L\u00e4rm um Nichts&#8220;, und die Premiere am Samstag im Theatersaal der Burg bewies, dass es eine kluge Wahl und ein passendes Geschenk war.<\/p>\n<p>Im Hause von Leonato, dem Statthalter von Messina, \u00fcberst\u00fcrzen sich die Ereignisse, nachdem Prinz Don Pedro mit seinem illegitimen und daher \u00dcbles im Schilde f\u00fchrenden Bruder Don Juan und beiderseitigem Gefolge dort eingetroffen ist. W\u00e4hrend Claudio, ein junger Graf, sich auf den ersten Blick in Leonatos Tochter Hero verliebt und mit Hilfe des Prinzen erfolgreich um ihre Hand anh\u00e4lt, \u00fcben sich Leonatos Nichte Beatrice und des Prinzen Edelmann Benedict darin, Hohn und Spott \u00fcbereinander auszugie\u00dfen und aller Welt zu beteuern, wie sehr man sich doch hasse und \u00fcberdies niemals sein Herz an das andere Geschlecht verlieren werde.<\/p>\n<h6 style=\"text-align: center;\"><em><strong><img loading=\"lazy\" decoding=\"async\" class=\"size-medium wp-image-555 alignright\" src=\"https:\/\/burgspiele-altleiningen.de\/wp-content\/uploads\/2017\/12\/laerm407-300x179.jpg\" alt=\"\" width=\"300\" height=\"179\" srcset=\"https:\/\/burgspiele-altleiningen.de\/wp-content\/uploads\/2017\/12\/laerm407-300x179.jpg 300w, https:\/\/burgspiele-altleiningen.de\/wp-content\/uploads\/2017\/12\/laerm407-452x270.jpg 452w, https:\/\/burgspiele-altleiningen.de\/wp-content\/uploads\/2017\/12\/laerm407.jpg 700w\" sizes=\"auto, (max-width: 300px) 100vw, 300px\" \/><\/strong><\/em><\/h6>\n<p>Don Juan ersinnt unterdessen einen Plan, wie das allseits fr\u00f6hliche Treiben zu st\u00f6ren sei: Er macht Don Pedro und Claudio glauben, die s\u00fc\u00dfe Hero habe sich kurz vor der Hochzeit noch mit Juans Diener Borachio vergn\u00fcgt. W\u00e4hrend diese Intrige das junge Paar auseinander bringen soll, hat die List Don Pedros ein anderes Ziel: Beatrice soll glauben, Benedict sei unsterblich in sie verliebt, f\u00fcrchte aber ihren Spott. Die gleiche Geschichte tischen sie Benedict auf, und nat\u00fcrlich funktioniert der Plan. Doch da naht schon das von Don Juan angerichtete Unheil: W\u00e4hrend der Trauung offenbart Claudio die angebliche Verderbtheit Heros und verst\u00f6\u00dft sie. Leonatos Gesellschaft ist gedem\u00fctigt, und Beatrice sinnt auf Rache: Als Liebesbeweis soll Benedict Claudio t\u00f6ten. Bevor die Kom\u00f6die jedoch blutig enden kann, entdecken Hundsbeer und Saumseel, die verr\u00fcckten Gerichtsdiener, die L\u00fcge, und einer Doppel<\/p>\n<p><img loading=\"lazy\" decoding=\"async\" class=\"size-medium wp-image-552 alignleft\" src=\"https:\/\/burgspiele-altleiningen.de\/wp-content\/uploads\/2017\/12\/laerm155-300x200.jpg\" alt=\"\" width=\"300\" height=\"200\" srcset=\"https:\/\/burgspiele-altleiningen.de\/wp-content\/uploads\/2017\/12\/laerm155-300x200.jpg 300w, https:\/\/burgspiele-altleiningen.de\/wp-content\/uploads\/2017\/12\/laerm155-405x270.jpg 405w, https:\/\/burgspiele-altleiningen.de\/wp-content\/uploads\/2017\/12\/laerm155.jpg 700w\" sizes=\"auto, (max-width: 300px) 100vw, 300px\" \/>Viele bew\u00e4hrte Mimen der Burgspiele tragen dazu bei, die turbulente Geschichte lustvoll auf die B\u00fchne zu bringen. Da ist zum einen Willy Hiebert als Leonato, ein Gem\u00fctsmensch mit Witz und v\u00e4terlichem Charme. Alexander Maier als Don Juan darf (wie in der &#8222;Hexenjagd&#8220;) wieder einmal beweisen, dass er das Zeug hat, einen Schurken \u00fcberzeugend darzustellen, und Martin Steinmetz in der Rolle seines Bruders nimmt die H\u00fcrde, seine edle Gesinnung nach dem vermeintlichen Skandal um Hero in eine bedrohlich herrische zu verwandeln, mit Bravour.<\/p>\n<p><img loading=\"lazy\" decoding=\"async\" class=\"size-medium wp-image-551 alignright\" src=\"https:\/\/burgspiele-altleiningen.de\/wp-content\/uploads\/2017\/12\/laerm080-300x234.jpg\" alt=\"\" width=\"300\" height=\"234\" srcset=\"https:\/\/burgspiele-altleiningen.de\/wp-content\/uploads\/2017\/12\/laerm080-300x234.jpg 300w, https:\/\/burgspiele-altleiningen.de\/wp-content\/uploads\/2017\/12\/laerm080-346x270.jpg 346w, https:\/\/burgspiele-altleiningen.de\/wp-content\/uploads\/2017\/12\/laerm080.jpg 700w\" sizes=\"auto, (max-width: 300px) 100vw, 300px\" \/>In kleineren Rollen sind neben zahlreichen, meist stumm agierenden H\u00f6flingen und Kindern B\u00e4rbel Aue, Donja Reichert, Kim G\u00f6\u00dfling, Robert Kirchner, Thomas Mann, Heinrich Schumann und Barry Neuner beziehungsweise Thomas Herold (sie teilen sich in dieser Saison eine Rolle) zu sehen.<\/p>\n<p>Auch wenn &#8222;Viel L\u00e4rm um Nichts&#8220; tats\u00e4chlich viele gleichberechtigte Figuren enth\u00e4lt, so hat Shakespeare doch eindeutig die beiden Liebespaare und die t\u00f6lpelhaften Gerichtsdiener im Fokus. Letztere (Markus Jotter und Peter Steidel) wachsen bei der schwierigen Aufgabe, permanent v\u00f6llig widersinniges Zeug von sich zu geben, kom\u00f6diantisch \u00fcber sich hinaus. Sie sind witzig, und es scheint durch, wie viel M\u00fche sich Susanne Rechner und Carsten G\u00f6\u00dfling als Regisseure gegeben haben, ihren Part mit netten Regieeinf\u00e4llen auszustatten, damit Hundsbeer und Saumseel ihrem Affen (dem Publikum) reichlich Zucker geben k\u00f6nnen.<\/p>\n<p><img loading=\"lazy\" decoding=\"async\" class=\"size-medium wp-image-553 alignleft\" src=\"https:\/\/burgspiele-altleiningen.de\/wp-content\/uploads\/2017\/12\/laerm212-300x200.jpg\" alt=\"\" width=\"300\" height=\"200\" srcset=\"https:\/\/burgspiele-altleiningen.de\/wp-content\/uploads\/2017\/12\/laerm212-300x200.jpg 300w, https:\/\/burgspiele-altleiningen.de\/wp-content\/uploads\/2017\/12\/laerm212-405x270.jpg 405w, https:\/\/burgspiele-altleiningen.de\/wp-content\/uploads\/2017\/12\/laerm212.jpg 700w\" sizes=\"auto, (max-width: 300px) 100vw, 300px\" \/>Als Neulinge agieren Sarah Lewark (Hero) und Andreas Schmid (Claudio) mit bemerkenswerter Sicherheit und Authentizit\u00e4t. Ihnen geb\u00fchrt angesichts der Herausforderung, von einem extremen Gef\u00fchlszustand in den anderen zu fallen, h\u00f6chstes Lob. Bleiben Benedict und Beatrice, deren Wortgefechte doch einen Gro\u00dfteil des Vergn\u00fcgens in &#8222;Viel L\u00e4rm um Nichts&#8220; ausmachen. In diesen Rollen haben sich die beiden Regisseure bewusst zur\u00fcckgenommen, um die anderen Figuren mehr zur Geltung zu bringen. Dem St\u00fcck tut das leider nicht besonders gut. Rechner und G\u00f6\u00dfling &#8211; beide hervorragende Schauspieler &#8211; w\u00e4ren hier besser \u00fcber den Schatten der Bescheidenheit gesprungen und h\u00e4tten sich mehr Raum f\u00fcr Gez\u00e4nk und Wortwitz geben sollen, um ihrer pl\u00f6tzlichen Abkehr von der Ehefeindlichkeit noch mehr W\u00fcrze zu verleihen.<\/p>\n<p><img loading=\"lazy\" decoding=\"async\" class=\"size-medium wp-image-554 alignright\" src=\"https:\/\/burgspiele-altleiningen.de\/wp-content\/uploads\/2017\/12\/laerm312-300x200.jpg\" alt=\"\" width=\"300\" height=\"200\" srcset=\"https:\/\/burgspiele-altleiningen.de\/wp-content\/uploads\/2017\/12\/laerm312-300x200.jpg 300w, https:\/\/burgspiele-altleiningen.de\/wp-content\/uploads\/2017\/12\/laerm312-405x270.jpg 405w, https:\/\/burgspiele-altleiningen.de\/wp-content\/uploads\/2017\/12\/laerm312.jpg 700w\" sizes=\"auto, (max-width: 300px) 100vw, 300px\" \/>W\u00e4hrend das Kost\u00fcmbildnerteam um Gerlinde Rechner gro\u00dfartige Arbeit darin geleistet hat, die Symmetrie in Handlung und Personengruppen sichtbar zu machen, l\u00e4sst das B\u00fchnenbild dagegen einige Fragen offen. Nach der aufw\u00e4ndigen und requisitenreichen Szenerie f\u00fcr &#8222;Magnolien im Herbst&#8220; im vergangenen Jahr tut der minimalistische B\u00fchnenhintergrund sicher gut und entspricht auch der Auff\u00fchrungspraxis zu Shakespeares Zeit. Aber dem Zuschauer erschlie\u00dft sich meist nicht, warum w\u00e4hrend der Szenen die Klappw\u00e4nde der durchaus reizvollen Holzkonstruktion so oft auf- und zugemacht werden oder das Spiel mit rollenden B\u00e4umchen so stark \u00fcbertrieben wird.<\/p>\n<p><img loading=\"lazy\" decoding=\"async\" class=\"size-medium wp-image-556 alignleft\" src=\"https:\/\/burgspiele-altleiningen.de\/wp-content\/uploads\/2017\/12\/laerm440-300x200.jpg\" alt=\"\" width=\"300\" height=\"200\" srcset=\"https:\/\/burgspiele-altleiningen.de\/wp-content\/uploads\/2017\/12\/laerm440-300x200.jpg 300w, https:\/\/burgspiele-altleiningen.de\/wp-content\/uploads\/2017\/12\/laerm440-405x270.jpg 405w, https:\/\/burgspiele-altleiningen.de\/wp-content\/uploads\/2017\/12\/laerm440.jpg 700w\" sizes=\"auto, (max-width: 300px) 100vw, 300px\" \/>Trotz dieser Wermutstropfen ist die Burgspiele-Version von &#8222;Viel L\u00e4rm um Nichts&#8220; auf jeden Fall sehenswert und wird dem Jubil\u00e4um mehr als gerecht. Das Premierenpublikum zumindest sparte nicht mit Szenen- und Schlussapplaus.<\/p>\n","protected":false},"excerpt":{"rendered":"<p>Ein passendes Geschenk zum Jubil\u00e4um (Waltraud Werdelis) &nbsp; Quelle: DIE RHEINPFALZ Regionalausgabe: Unterhaardter Rundschau Nr.140, Montag, den 20. Juni 2005 &nbsp; ALTLEININGEN: Publikum mit \u201eViel L\u00e4rm um Nichts\u201c zum 25. Geburtstag der Burgspiele erfreut &nbsp; Unbeschwert und sommerlich leicht sollte&hellip; <\/p>\n","protected":false},"author":3,"featured_media":0,"parent":187,"menu_order":0,"comment_status":"closed","ping_status":"closed","template":"","meta":{"footnotes":""},"class_list":["post-1295","page","type-page","status-publish","hentry"],"_links":{"self":[{"href":"https:\/\/burgspiele-altleiningen.de\/index.php?rest_route=\/wp\/v2\/pages\/1295","targetHints":{"allow":["GET"]}}],"collection":[{"href":"https:\/\/burgspiele-altleiningen.de\/index.php?rest_route=\/wp\/v2\/pages"}],"about":[{"href":"https:\/\/burgspiele-altleiningen.de\/index.php?rest_route=\/wp\/v2\/types\/page"}],"author":[{"embeddable":true,"href":"https:\/\/burgspiele-altleiningen.de\/index.php?rest_route=\/wp\/v2\/users\/3"}],"replies":[{"embeddable":true,"href":"https:\/\/burgspiele-altleiningen.de\/index.php?rest_route=%2Fwp%2Fv2%2Fcomments&post=1295"}],"version-history":[{"count":4,"href":"https:\/\/burgspiele-altleiningen.de\/index.php?rest_route=\/wp\/v2\/pages\/1295\/revisions"}],"predecessor-version":[{"id":1308,"href":"https:\/\/burgspiele-altleiningen.de\/index.php?rest_route=\/wp\/v2\/pages\/1295\/revisions\/1308"}],"up":[{"embeddable":true,"href":"https:\/\/burgspiele-altleiningen.de\/index.php?rest_route=\/wp\/v2\/pages\/187"}],"wp:attachment":[{"href":"https:\/\/burgspiele-altleiningen.de\/index.php?rest_route=%2Fwp%2Fv2%2Fmedia&parent=1295"}],"curies":[{"name":"wp","href":"https:\/\/api.w.org\/{rel}","templated":true}]}}