{"id":1307,"date":"2018-02-10T16:42:42","date_gmt":"2018-02-10T16:42:42","guid":{"rendered":"http:\/\/burgspiele-altleiningen.net\/?page_id=1307"},"modified":"2018-02-10T16:42:42","modified_gmt":"2018-02-10T16:42:42","slug":"1988-der-kerngesunde-kranke","status":"publish","type":"page","link":"https:\/\/burgspiele-altleiningen.de\/?page_id=1307","title":{"rendered":"1988 &#8211; Der kerngesunde Kranke"},"content":{"rendered":"<h3 style=\"text-align: center;\">&#8218;Der kerngesunde Kranke&#8216;<\/h3>\n<p style=\"text-align: center;\">\n<span class=\"style8\"><em>(nach Moli\u00e8re von Peter Pflug)<\/em> <\/span><\/p>\n<p>&nbsp;<\/p>\n<p>Der vermeintlich kranke Maurermeister i.R. Lautensack wird von Erbschleichern und anderen fragw\u00fcrdigen Gestalten bedr\u00e4ngt, ehe es mit Unterst\u00fctzung der &#8222;vern\u00fcnftigen&#8220; Wirtschafterin zum Happy-End kommt.<\/p>\n<p><img loading=\"lazy\" decoding=\"async\" class=\"alignnone size-medium wp-image-406\" src=\"https:\/\/burgspiele-altleiningen.de\/wp-content\/uploads\/2017\/12\/kranke1-222x300.jpg\" alt=\"\" width=\"222\" height=\"300\" srcset=\"https:\/\/burgspiele-altleiningen.de\/wp-content\/uploads\/2017\/12\/kranke1.jpg 222w, https:\/\/burgspiele-altleiningen.de\/wp-content\/uploads\/2017\/12\/kranke1-200x270.jpg 200w\" sizes=\"auto, (max-width: 222px) 100vw, 222px\" \/> <img loading=\"lazy\" decoding=\"async\" class=\"alignnone size-medium wp-image-405\" src=\"https:\/\/burgspiele-altleiningen.de\/wp-content\/uploads\/2017\/12\/kranke2-160x300.jpg\" alt=\"\" width=\"160\" height=\"300\" srcset=\"https:\/\/burgspiele-altleiningen.de\/wp-content\/uploads\/2017\/12\/kranke2-160x300.jpg 160w, https:\/\/burgspiele-altleiningen.de\/wp-content\/uploads\/2017\/12\/kranke2-144x270.jpg 144w, https:\/\/burgspiele-altleiningen.de\/wp-content\/uploads\/2017\/12\/kranke2.jpg 224w\" sizes=\"auto, (max-width: 160px) 100vw, 160px\" \/><\/p>\n","protected":false},"excerpt":{"rendered":"<p>&#8218;Der kerngesunde Kranke&#8216; (nach Moli\u00e8re von Peter Pflug) &nbsp; Der vermeintlich kranke Maurermeister i.R. Lautensack wird von Erbschleichern und anderen fragw\u00fcrdigen Gestalten bedr\u00e4ngt, ehe es mit Unterst\u00fctzung der &#8222;vern\u00fcnftigen&#8220; Wirtschafterin zum Happy-End kommt.<\/p>\n","protected":false},"author":4,"featured_media":0,"parent":71,"menu_order":0,"comment_status":"closed","ping_status":"closed","template":"","meta":{"footnotes":""},"class_list":["post-1307","page","type-page","status-publish","hentry"],"_links":{"self":[{"href":"https:\/\/burgspiele-altleiningen.de\/index.php?rest_route=\/wp\/v2\/pages\/1307","targetHints":{"allow":["GET"]}}],"collection":[{"href":"https:\/\/burgspiele-altleiningen.de\/index.php?rest_route=\/wp\/v2\/pages"}],"about":[{"href":"https:\/\/burgspiele-altleiningen.de\/index.php?rest_route=\/wp\/v2\/types\/page"}],"author":[{"embeddable":true,"href":"https:\/\/burgspiele-altleiningen.de\/index.php?rest_route=\/wp\/v2\/users\/4"}],"replies":[{"embeddable":true,"href":"https:\/\/burgspiele-altleiningen.de\/index.php?rest_route=%2Fwp%2Fv2%2Fcomments&post=1307"}],"version-history":[{"count":1,"href":"https:\/\/burgspiele-altleiningen.de\/index.php?rest_route=\/wp\/v2\/pages\/1307\/revisions"}],"predecessor-version":[{"id":1311,"href":"https:\/\/burgspiele-altleiningen.de\/index.php?rest_route=\/wp\/v2\/pages\/1307\/revisions\/1311"}],"up":[{"embeddable":true,"href":"https:\/\/burgspiele-altleiningen.de\/index.php?rest_route=\/wp\/v2\/pages\/71"}],"wp:attachment":[{"href":"https:\/\/burgspiele-altleiningen.de\/index.php?rest_route=%2Fwp%2Fv2%2Fmedia&parent=1307"}],"curies":[{"name":"wp","href":"https:\/\/api.w.org\/{rel}","templated":true}]}}