{"id":1334,"date":"2018-02-10T16:56:02","date_gmt":"2018-02-10T16:56:02","guid":{"rendered":"http:\/\/burgspiele-altleiningen.net\/?page_id=1334"},"modified":"2018-02-10T16:56:02","modified_gmt":"2018-02-10T16:56:02","slug":"1983-der-luegner","status":"publish","type":"page","link":"https:\/\/burgspiele-altleiningen.de\/?page_id=1334","title":{"rendered":"1983 &#8211; Der L\u00fcgner"},"content":{"rendered":"<h3 style=\"text-align: center;\">&#8218;Der L\u00fcgner&#8216;<\/h3>\n<p style=\"text-align: center;\">\n<em><span class=\"style8\">(Carlo Goldoni)<\/span><\/em><\/p>\n<p>Lelio, ein Erzl\u00fcgner, versteht es geschickt, die Liebeshuldigungen, die der sch\u00fcchterne Florindo der sch\u00f6nen Rosaura heimlich darbringt, f\u00fcr sich in Anspruch zu nehmen.<br \/>\nFast gelingt es ihm, Rosaura f\u00fcr sich zu gewinnen. Aber da taucht eine zweifelhafte Dame auf, die ihn an ein fr\u00fcheres Heiratsversprechen erinnert &#8230;<\/p>\n<p><img loading=\"lazy\" decoding=\"async\" class=\"alignnone size-medium wp-image-396\" src=\"https:\/\/burgspiele-altleiningen.de\/wp-content\/uploads\/2017\/12\/luegner2-300x197.jpg\" alt=\"\" width=\"300\" height=\"197\" srcset=\"https:\/\/burgspiele-altleiningen.de\/wp-content\/uploads\/2017\/12\/luegner2-300x197.jpg 300w, https:\/\/burgspiele-altleiningen.de\/wp-content\/uploads\/2017\/12\/luegner2.jpg 350w\" sizes=\"auto, (max-width: 300px) 100vw, 300px\" \/><\/p>\n<p><img loading=\"lazy\" decoding=\"async\" class=\"alignnone size-medium wp-image-395\" src=\"https:\/\/burgspiele-altleiningen.de\/wp-content\/uploads\/2017\/12\/luegner1-300x196.jpg\" alt=\"\" width=\"300\" height=\"196\" srcset=\"https:\/\/burgspiele-altleiningen.de\/wp-content\/uploads\/2017\/12\/luegner1-300x196.jpg 300w, https:\/\/burgspiele-altleiningen.de\/wp-content\/uploads\/2017\/12\/luegner1.jpg 352w\" sizes=\"auto, (max-width: 300px) 100vw, 300px\" \/> <img loading=\"lazy\" decoding=\"async\" class=\"alignnone size-medium wp-image-394\" src=\"https:\/\/burgspiele-altleiningen.de\/wp-content\/uploads\/2017\/12\/luegner3-160x300.jpg\" alt=\"\" width=\"160\" height=\"300\" srcset=\"https:\/\/burgspiele-altleiningen.de\/wp-content\/uploads\/2017\/12\/luegner3-160x300.jpg 160w, https:\/\/burgspiele-altleiningen.de\/wp-content\/uploads\/2017\/12\/luegner3-144x270.jpg 144w, https:\/\/burgspiele-altleiningen.de\/wp-content\/uploads\/2017\/12\/luegner3.jpg 224w\" sizes=\"auto, (max-width: 160px) 100vw, 160px\" \/><\/p>\n","protected":false},"excerpt":{"rendered":"<p>&#8218;Der L\u00fcgner&#8216; (Carlo Goldoni) Lelio, ein Erzl\u00fcgner, versteht es geschickt, die Liebeshuldigungen, die der sch\u00fcchterne Florindo der sch\u00f6nen Rosaura heimlich darbringt, f\u00fcr sich in Anspruch zu nehmen. Fast gelingt es ihm, Rosaura f\u00fcr sich zu gewinnen. Aber da taucht eine&hellip; <\/p>\n","protected":false},"author":4,"featured_media":0,"parent":71,"menu_order":0,"comment_status":"closed","ping_status":"closed","template":"","meta":{"footnotes":""},"class_list":["post-1334","page","type-page","status-publish","hentry"],"_links":{"self":[{"href":"https:\/\/burgspiele-altleiningen.de\/index.php?rest_route=\/wp\/v2\/pages\/1334","targetHints":{"allow":["GET"]}}],"collection":[{"href":"https:\/\/burgspiele-altleiningen.de\/index.php?rest_route=\/wp\/v2\/pages"}],"about":[{"href":"https:\/\/burgspiele-altleiningen.de\/index.php?rest_route=\/wp\/v2\/types\/page"}],"author":[{"embeddable":true,"href":"https:\/\/burgspiele-altleiningen.de\/index.php?rest_route=\/wp\/v2\/users\/4"}],"replies":[{"embeddable":true,"href":"https:\/\/burgspiele-altleiningen.de\/index.php?rest_route=%2Fwp%2Fv2%2Fcomments&post=1334"}],"version-history":[{"count":1,"href":"https:\/\/burgspiele-altleiningen.de\/index.php?rest_route=\/wp\/v2\/pages\/1334\/revisions"}],"predecessor-version":[{"id":1335,"href":"https:\/\/burgspiele-altleiningen.de\/index.php?rest_route=\/wp\/v2\/pages\/1334\/revisions\/1335"}],"up":[{"embeddable":true,"href":"https:\/\/burgspiele-altleiningen.de\/index.php?rest_route=\/wp\/v2\/pages\/71"}],"wp:attachment":[{"href":"https:\/\/burgspiele-altleiningen.de\/index.php?rest_route=%2Fwp%2Fv2%2Fmedia&parent=1334"}],"curies":[{"name":"wp","href":"https:\/\/api.w.org\/{rel}","templated":true}]}}