{"id":179,"date":"2017-12-22T14:33:55","date_gmt":"2017-12-22T13:33:55","guid":{"rendered":"http:\/\/burgspiele-altleiningen.net\/?page_id=179"},"modified":"2025-05-26T13:13:53","modified_gmt":"2025-05-26T13:13:53","slug":"kartenbestellung","status":"publish","type":"page","link":"https:\/\/burgspiele-altleiningen.de\/?page_id=179","title":{"rendered":"Kartenbestellung &#8211; Online"},"content":{"rendered":"<p>Hier k\u00f6nnen Sie \u00fcber unseren Partner <em>Ticket Regional<\/em> direkt Karten bestellen.<br \/>\nW\u00e4hlen Sie dazu zun\u00e4chst die gew\u00fcnschte Veranstaltung und dann die Sitzpl\u00e4tze aus.<\/p>\n<div id=\"content\"><iframe loading=\"lazy\" src=\"https:\/\/www.ticket-regional.de\/events.php?style=burgspiele\" scrolling=\"yes\" width=\"580\" height=\"700\" frameborder=\"5\"><\/iframe><\/div>\n","protected":false},"excerpt":{"rendered":"<p>Hier k\u00f6nnen Sie \u00fcber unseren Partner Ticket Regional direkt Karten bestellen. W\u00e4hlen Sie dazu zun\u00e4chst die gew\u00fcnschte Veranstaltung und dann die Sitzpl\u00e4tze aus.<\/p>\n","protected":false},"author":4,"featured_media":0,"parent":731,"menu_order":0,"comment_status":"closed","ping_status":"closed","template":"","meta":{"footnotes":""},"class_list":["post-179","page","type-page","status-publish","hentry"],"_links":{"self":[{"href":"https:\/\/burgspiele-altleiningen.de\/index.php?rest_route=\/wp\/v2\/pages\/179","targetHints":{"allow":["GET"]}}],"collection":[{"href":"https:\/\/burgspiele-altleiningen.de\/index.php?rest_route=\/wp\/v2\/pages"}],"about":[{"href":"https:\/\/burgspiele-altleiningen.de\/index.php?rest_route=\/wp\/v2\/types\/page"}],"author":[{"embeddable":true,"href":"https:\/\/burgspiele-altleiningen.de\/index.php?rest_route=\/wp\/v2\/users\/4"}],"replies":[{"embeddable":true,"href":"https:\/\/burgspiele-altleiningen.de\/index.php?rest_route=%2Fwp%2Fv2%2Fcomments&post=179"}],"version-history":[{"count":12,"href":"https:\/\/burgspiele-altleiningen.de\/index.php?rest_route=\/wp\/v2\/pages\/179\/revisions"}],"predecessor-version":[{"id":1729,"href":"https:\/\/burgspiele-altleiningen.de\/index.php?rest_route=\/wp\/v2\/pages\/179\/revisions\/1729"}],"up":[{"embeddable":true,"href":"https:\/\/burgspiele-altleiningen.de\/index.php?rest_route=\/wp\/v2\/pages\/731"}],"wp:attachment":[{"href":"https:\/\/burgspiele-altleiningen.de\/index.php?rest_route=%2Fwp%2Fv2%2Fmedia&parent=179"}],"curies":[{"name":"wp","href":"https:\/\/api.w.org\/{rel}","templated":true}]}}