{"id":181,"date":"2017-12-22T14:34:17","date_gmt":"2017-12-22T13:34:17","guid":{"rendered":"http:\/\/burgspiele-altleiningen.net\/?page_id=181"},"modified":"2024-12-16T07:58:18","modified_gmt":"2024-12-16T07:58:18","slug":"impressum","status":"publish","type":"page","link":"https:\/\/burgspiele-altleiningen.de\/?page_id=181","title":{"rendered":"Impressum"},"content":{"rendered":"<p>Dienstanbieter dieser Seiten sind die Burgspiele Altleiningen e.V., vertreten durch Frau Susanne Rechner.<\/p>\n<p>Unsere <strong>Vereinsanschrift<\/strong> lautet:<\/p>\n<p>Burgspiele Altleiningen e.V.<br \/>\n<a href=\"mailto:martin.steinmetz@burgspiele-altleiningen.de\">Susanne Rechner<\/a><br \/>\nBahnhofstra\u00dfe 7<br \/>\n67317 Altleiningen<br \/>\nTel: 06356 \/ 380<\/p>\n<p>Unsere <strong>Bankverbindung<\/strong> ist:<br \/>\nIBAN: DE81 5465 1240 0111 1256 47<br \/>\nBIC: MALADE51DKH<\/p>\n<p>Bei dem Inhalt unserer Internetseiten handelt es sich um urheberrechtlich gesch\u00fctzte Werke. Die Burgspiele Altleiningen gestatten die \u00dcbernahme von Texten und Bildern in Datenbest\u00e4nde, die ausschlie\u00dfich f\u00fcr den privaten Gebrauch bestimmt sind.<\/p>\n<p>Die \u00dcbernahme und Nutzung der Daten zu anderen Zwecken bedarf der schriftlichen Zustimmung des Vereins.<\/p>\n<p><strong>Datenschutz:<\/strong><\/p>\n<p>Wir nehmen den Schutz Ihrer Daten sehr ernst und halten uns an die EU-Datenschutz-Grundverordnung. Weitere Informationen zu unseren Datenschutzrichtlinien finden Sie <a href=\"https:\/\/burgspiele-altleiningen.de\/?page_id=1550\">hier<\/a>.<\/p>\n<p><strong>Haftungshinweis:<\/strong><br \/>\nIm Rahmen unseres Dienstes werden auch Links zu Internetinhalten anderer Anbieter bereitgestellt. Auf den Inhalt dieser Seiten haben wir keinen Einfluss; f\u00fcr den Inhalt ist ausschlie\u00dflich der Betreiber der anderen Website verantwortlich. Trotz der \u00dcberpr\u00fcfung der Inhalte im gesetzlich gebotenen Rahmen m\u00fcssen wir daher jede Verantwortung f\u00fcr den Inhalt dieser Links bzw. der verlinkten Seite ablehnen.<\/p>\n","protected":false},"excerpt":{"rendered":"<p>Dienstanbieter dieser Seiten sind die Burgspiele Altleiningen e.V., vertreten durch Frau Susanne Rechner. Unsere Vereinsanschrift lautet: Burgspiele Altleiningen e.V. Susanne Rechner Bahnhofstra\u00dfe 7 67317 Altleiningen Tel: 06356 \/ 380 Unsere Bankverbindung ist: IBAN: DE81 5465 1240 0111 1256 47 BIC:&hellip; <\/p>\n","protected":false},"author":4,"featured_media":0,"parent":0,"menu_order":0,"comment_status":"closed","ping_status":"closed","template":"","meta":{"footnotes":""},"class_list":["post-181","page","type-page","status-publish","hentry"],"_links":{"self":[{"href":"https:\/\/burgspiele-altleiningen.de\/index.php?rest_route=\/wp\/v2\/pages\/181","targetHints":{"allow":["GET"]}}],"collection":[{"href":"https:\/\/burgspiele-altleiningen.de\/index.php?rest_route=\/wp\/v2\/pages"}],"about":[{"href":"https:\/\/burgspiele-altleiningen.de\/index.php?rest_route=\/wp\/v2\/types\/page"}],"author":[{"embeddable":true,"href":"https:\/\/burgspiele-altleiningen.de\/index.php?rest_route=\/wp\/v2\/users\/4"}],"replies":[{"embeddable":true,"href":"https:\/\/burgspiele-altleiningen.de\/index.php?rest_route=%2Fwp%2Fv2%2Fcomments&post=181"}],"version-history":[{"count":17,"href":"https:\/\/burgspiele-altleiningen.de\/index.php?rest_route=\/wp\/v2\/pages\/181\/revisions"}],"predecessor-version":[{"id":2249,"href":"https:\/\/burgspiele-altleiningen.de\/index.php?rest_route=\/wp\/v2\/pages\/181\/revisions\/2249"}],"wp:attachment":[{"href":"https:\/\/burgspiele-altleiningen.de\/index.php?rest_route=%2Fwp%2Fv2%2Fmedia&parent=181"}],"curies":[{"name":"wp","href":"https:\/\/api.w.org\/{rel}","templated":true}]}}