{"id":185,"date":"2017-12-22T14:35:17","date_gmt":"2017-12-22T13:35:17","guid":{"rendered":"http:\/\/burgspiele-altleiningen.net\/?page_id=185"},"modified":"2018-02-23T18:09:43","modified_gmt":"2018-02-23T18:09:43","slug":"festschrift","status":"publish","type":"page","link":"https:\/\/burgspiele-altleiningen.de\/?page_id=185","title":{"rendered":"Chronik 1980 &#8211; 2005"},"content":{"rendered":"<p>Anl\u00e4sslich des 25j\u00e4hrigen Bestehens der Burgspiele Altleiningen im Jahr 2005 haben wir eine kleine Chronik drucken lassen, die Sie an dieser Stelle nachlesen k\u00f6nnen. Interviews mit den Gr\u00fcnderv\u00e4tern \/ &#8211; m\u00fcttern, Berichte aus allen Abteilungen und viele Bilder lassen die (ersten?) 25 Jahre unseres Vereins noch einmal lebendig werden.<\/p>\n<p>Die Festschrift ist im pdf-Format und \u00f6ffnet sich in einem neuen Fenster.<\/p>\n<p align=\"center\"><a href=\"https:\/\/burgspiele-altleiningen.de\/wp-content\/uploads\/2017\/12\/festschrift-2005.pdf\" target=\"_blank\" rel=\"noopener\">Unsere Festschrift aus dem Jahr 2005<\/a><\/p>\n<p>Viel Spa\u00df bei der Lekt\u00fcre!<\/p>\n<p>&nbsp;<\/p>\n<p>&nbsp;<\/p>\n","protected":false},"excerpt":{"rendered":"<p>Anl\u00e4sslich des 25j\u00e4hrigen Bestehens der Burgspiele Altleiningen im Jahr 2005 haben wir eine kleine Chronik drucken lassen, die Sie an dieser Stelle nachlesen k\u00f6nnen. Interviews mit den Gr\u00fcnderv\u00e4tern \/ &#8211; m\u00fcttern, Berichte aus allen Abteilungen und viele Bilder lassen die&hellip; <\/p>\n","protected":false},"author":4,"featured_media":0,"parent":0,"menu_order":0,"comment_status":"closed","ping_status":"closed","template":"","meta":{"footnotes":""},"class_list":["post-185","page","type-page","status-publish","hentry"],"_links":{"self":[{"href":"https:\/\/burgspiele-altleiningen.de\/index.php?rest_route=\/wp\/v2\/pages\/185","targetHints":{"allow":["GET"]}}],"collection":[{"href":"https:\/\/burgspiele-altleiningen.de\/index.php?rest_route=\/wp\/v2\/pages"}],"about":[{"href":"https:\/\/burgspiele-altleiningen.de\/index.php?rest_route=\/wp\/v2\/types\/page"}],"author":[{"embeddable":true,"href":"https:\/\/burgspiele-altleiningen.de\/index.php?rest_route=\/wp\/v2\/users\/4"}],"replies":[{"embeddable":true,"href":"https:\/\/burgspiele-altleiningen.de\/index.php?rest_route=%2Fwp%2Fv2%2Fcomments&post=185"}],"version-history":[{"count":6,"href":"https:\/\/burgspiele-altleiningen.de\/index.php?rest_route=\/wp\/v2\/pages\/185\/revisions"}],"predecessor-version":[{"id":1459,"href":"https:\/\/burgspiele-altleiningen.de\/index.php?rest_route=\/wp\/v2\/pages\/185\/revisions\/1459"}],"wp:attachment":[{"href":"https:\/\/burgspiele-altleiningen.de\/index.php?rest_route=%2Fwp%2Fv2%2Fmedia&parent=185"}],"curies":[{"name":"wp","href":"https:\/\/api.w.org\/{rel}","templated":true}]}}