{"id":187,"date":"2017-12-22T14:35:39","date_gmt":"2017-12-22T13:35:39","guid":{"rendered":"http:\/\/burgspiele-altleiningen.net\/?page_id=187"},"modified":"2023-08-23T07:16:42","modified_gmt":"2023-08-23T07:16:42","slug":"pressestimmen","status":"publish","type":"page","link":"https:\/\/burgspiele-altleiningen.de\/?page_id=187","title":{"rendered":"Pressestimmen"},"content":{"rendered":"<p>Hier erfahren Sie, was \u00fcber uns geschrieben wurde.<\/p>\n<table border=\"0\" width=\"100%\">\n<tbody>\n<tr>\n<td>\n<h6>Rheinpfalz vom 28.07.2023<\/h6>\n<\/td>\n<td>\n<h6><a href=\"https:\/\/burgspiele-altleiningen.de\/?page_id=2137\"><strong>Pr\u00e4dikat wertvoll<\/strong><\/a><br \/>\n(Markus Clauer)<\/h6>\n<\/td>\n<\/tr>\n<tr>\n<td>\n<h6>Rheinpfalz vom 19.06.2023<\/h6>\n<\/td>\n<td>\n<h6><a href=\"https:\/\/burgspiele-altleiningen.de\/?page_id=2163\"><strong>Grandioses Comeback<\/strong><\/a><br \/>\n(Anja Benndorf)<\/h6>\n<\/td>\n<\/tr>\n<tr>\n<td>\n<h6>Rheinpfalz vom 18.06.2019<\/h6>\n<\/td>\n<td>\n<h6><a href=\"https:\/\/burgspiele-altleiningen.de\/?page_id=1769\"><strong>Eine grandiose Premiere<\/strong><\/a><br \/>\n(Anja Benndorf)<\/h6>\n<\/td>\n<\/tr>\n<tr>\n<td>\n<h6>Rheinpfalz vom 22.10.2018<\/h6>\n<\/td>\n<td>\n<h6><a href=\"https:\/\/burgspiele-altleiningen.de\/?page_id=1584\"><strong>Ein ungleiches Paar<\/strong><\/a><br \/>\n(Anja Benndorf)<\/h6>\n<\/td>\n<\/tr>\n<tr>\n<td>\n<h6>Rheinpfalz vom 19.06.2017<\/h6>\n<\/td>\n<td>\n<h6><a href=\"https:\/\/burgspiele-altleiningen.de\/?page_id=1487\"><strong>&#8222;Frischling&#8220; gl\u00e4nzt in Hauptrolle<\/strong><\/a><br \/>\n(Anja Benndorf)<\/h6>\n<\/td>\n<\/tr>\n<tr>\n<td>\n<h6>Rheinpfalz vom 18.10.2016<\/h6>\n<\/td>\n<td>\n<h6><a href=\"https:\/\/burgspiele-altleiningen.de\/?page_id=948\"><strong>Dramatische Kom\u00f6die<\/strong><\/a><br \/>\n(Anja Benndorf)<\/h6>\n<\/td>\n<\/tr>\n<tr>\n<td>\n<h6>Gr\u00fcnstadter Wochenblatt vom 15.09.2016<\/h6>\n<\/td>\n<td>\n<h6><a href=\"https:\/\/burgspiele-altleiningen.de\/?page_id=937\"><strong>Frau Baronin muss proben<\/strong><\/a><\/h6>\n<\/td>\n<\/tr>\n<tr>\n<td>\n<h6>Gr\u00fcnstadter Wochenblatt vom 02.07.2015<\/h6>\n<\/td>\n<td>\n<h6><a href=\"https:\/\/burgspiele-altleiningen.de\/?page_id=959\"><strong>\u201eKatharina Knie\u201c bei den Burgspielen<\/strong><\/a><\/h6>\n<\/td>\n<\/tr>\n<tr>\n<td>\n<h6>Rheinpfalz vom 15.06.2015<\/h6>\n<\/td>\n<td>\n<h6><a href=\"https:\/\/burgspiele-altleiningen.de\/?page_id=986\"><strong>Applaus und klingende M\u00fcnze f\u00fcr K\u00fcnstler <\/strong><\/a>(gel)<\/h6>\n<\/td>\n<\/tr>\n<tr>\n<td>\n<h6>Rheinpfalz vom 01.07.2014<\/h6>\n<\/td>\n<td>\n<h6><strong><a href=\"https:\/\/burgspiele-altleiningen.de\/?page_id=993\">Wenn die Sph\u00e4renharmonie gest\u00f6rt ist<\/a><br \/>\n<\/strong>(Benjamin Fiege)<\/h6>\n<\/td>\n<\/tr>\n<tr>\n<td>\n<h6>Rheinpfalz vom 17.06.2013<\/h6>\n<\/td>\n<td>\n<h6><a href=\"https:\/\/burgspiele-altleiningen.de\/?page_id=1017\"><strong>&#8218;Gutmensch&#8216; bringt \u00c4rger ins Haus<\/strong><\/a><br \/>\n(Anja Benndorf)<\/h6>\n<\/td>\n<\/tr>\n<tr>\n<td>\n<h6>Rheinpfalz vom 26.06.2012<\/h6>\n<\/td>\n<td>\n<h6><strong><a href=\"https:\/\/burgspiele-altleiningen.de\/?page_id=1025\">Statistisch tot, biologisch lebendig<\/a><br \/>\n<\/strong>(Sebastian Stollhof)<\/h6>\n<\/td>\n<\/tr>\n<tr>\n<td>\n<h6>Rheinpfalz vom 21.02.2012<\/h6>\n<\/td>\n<td>\n<h6><strong><a href=\"https:\/\/burgspiele-altleiningen.de\/?page_id=1073\">Kein Gedanke an Laientheater<\/a><br \/>\n<\/strong>(Roland Happersberger)<\/h6>\n<\/td>\n<\/tr>\n<tr>\n<td>\n<h6>Rheinpfalz vom 21.06.2011<\/h6>\n<\/td>\n<td>\n<h6><strong><a href=\"https:\/\/burgspiele-altleiningen.de\/?page_id=1106\">Mit viel Herzblut in Szene gesetzt<\/a><br \/>\n<\/strong>(Anja Benndorf)<\/h6>\n<\/td>\n<\/tr>\n<tr>\n<td>\n<h6>Rheinpfalz vom 22.06.2010<\/h6>\n<\/td>\n<td>\n<h6><strong><a href=\"https:\/\/burgspiele-altleiningen.de\/?page_id=1130\">Die acht Frauen<\/a><br \/>\n<\/strong>(Susanne Back)<\/h6>\n<\/td>\n<\/tr>\n<tr>\n<td>\n<h6>Rheinpfalz vom 29.06.2009<\/h6>\n<\/td>\n<td>\n<h6><strong><a href=\"https:\/\/burgspiele-altleiningen.de\/?page_id=1175\">Ein Hauptdarsteller zum &#8222;Knuddeln&#8220;<\/a><br \/>\n<\/strong>(Waltraud Werdelis)<\/h6>\n<\/td>\n<\/tr>\n<tr>\n<td>\n<h6>Rheinpfalz vom 16.06.2008<\/h6>\n<\/td>\n<td>\n<h6><strong><a href=\"https:\/\/burgspiele-altleiningen.de\/?page_id=1218\">Turbulente Kom\u00f6die in vornehmem Hause<\/a><br \/>\n<\/strong>(Waltraud Werdelis)<\/h6>\n<\/td>\n<\/tr>\n<tr>\n<td>\n<h6>Rheinpfalz vom 19.06.2007<\/h6>\n<\/td>\n<td>\n<h6><a href=\"https:\/\/burgspiele-altleiningen.de\/?page_id=1250\"><strong>Ein durch und durch verdorbenes Gaunerpack<\/strong><\/a><br \/>\n(Waltraud Werdelis)<\/h6>\n<\/td>\n<\/tr>\n<tr>\n<td>\n<h6>Rheinpfalz vom 20.06.2006<\/h6>\n<\/td>\n<td>\n<h6><strong><a href=\"https:\/\/burgspiele-altleiningen.de\/?page_id=1278\">Tiefgr\u00fcndig und trotzdem witzig<\/a><br \/>\n<\/strong>(Regina Wilhelm)<\/h6>\n<\/td>\n<\/tr>\n<tr>\n<td>\n<h6>Rheinpfalz vom 30.03.2006<\/h6>\n<\/td>\n<td>\n<h6><a href=\"https:\/\/burgspiele-altleiningen.de\/?page_id=1322\"><strong>Das gro\u00dfe Abenteuer der Normalit\u00e4t<\/strong><\/a><br \/>\n(Waltraud Werdelis)<\/h6>\n<\/td>\n<\/tr>\n<tr>\n<td>\n<h6>Rheinpfalz vom 14.11.2005<\/h6>\n<\/td>\n<td>\n<h6><a href=\"https:\/\/burgspiele-altleiningen.de\/?page_id=1314\"><strong>Menschliche Abgr\u00fcnde im Orchestergraben<\/strong><\/a> (Roland Happersberger)<\/h6>\n<\/td>\n<\/tr>\n<tr>\n<td>\n<h6>Rheinpfalz vom 20.06.2005<\/h6>\n<\/td>\n<td>\n<h6><strong><a href=\"https:\/\/burgspiele-altleiningen.de\/?page_id=1295\">Ein passendes Geschenk zum Jubil\u00e4um<\/a><br \/>\n<\/strong>(Waltraud Werdelis)<\/h6>\n<\/td>\n<\/tr>\n<tr>\n<td>\n<h6>Rheinpfalz vom 21.06.2004<\/h6>\n<\/td>\n<td>\n<h6><a href=\"https:\/\/burgspiele-altleiningen.de\/?page_id=1238\"><strong>Sehenswerte und vorz\u00fcgliche Theaterarbeit<\/strong><\/a><br \/>\n(Waltraud Werdelis)<\/h6>\n<\/td>\n<\/tr>\n<tr>\n<td>\n<h6>Rheinpfalz vom 28.06.2003<\/h6>\n<\/td>\n<td>\n<h6><a href=\"https:\/\/burgspiele-altleiningen.de\/?page_id=1209\"><strong>Die Bretter, die die Freizeit fressen<\/strong><\/a><br \/>\n(Kerstin Witte-Petit)<\/h6>\n<\/td>\n<\/tr>\n<tr>\n<td>\n<h6>Rheinpfalz vom 23.06.2003<\/h6>\n<\/td>\n<td>\n<h6><a href=\"https:\/\/burgspiele-altleiningen.de\/?page_id=1186\"><strong>Ein Fegefeuer menschlicher Unzul\u00e4nglichkeiten<\/strong><\/a><br \/>\n(Waltraud Werdelis)<\/h6>\n<\/td>\n<\/tr>\n<tr>\n<td>\n<h6>Rheinpfalz vom 17.06.2002<\/h6>\n<\/td>\n<td>\n<h6><a href=\"https:\/\/burgspiele-altleiningen.de\/?page_id=1154\"><strong>Applaus f\u00fcr Blick ins Schlafzimmer der &#8222;Helden&#8220;<\/strong><\/a><br \/>\n(Waltraud Werdelis)<\/h6>\n<\/td>\n<\/tr>\n<tr>\n<td>\n<h6>Rheinpfalz vom 12.06.2001<\/h6>\n<\/td>\n<td>\n<h6><a href=\"https:\/\/burgspiele-altleiningen.de\/?page_id=1139\"><strong>Fein geschliffen und am Detail gearbeitet<\/strong><\/a><br \/>\n(Marren Felle)<\/h6>\n<\/td>\n<\/tr>\n<tr>\n<td>\n<h6>Rheinpfalz vom 07.06.2001<\/h6>\n<\/td>\n<td>\n<h6><a href=\"https:\/\/burgspiele-altleiningen.de\/?page_id=1117\"><strong>Leichte Elfen und tollpatschige Handwerker &#8230;<\/strong><\/a><\/h6>\n<\/td>\n<\/tr>\n<tr>\n<td>\n<h6>Rheinpfalz vom 19.06.2000<\/h6>\n<\/td>\n<td>\n<h6><a href=\"https:\/\/burgspiele-altleiningen.de\/?page_id=1057\"><strong>Beeindruckender Shakespeare<\/strong><\/a><\/h6>\n<\/td>\n<\/tr>\n<tr>\n<td>\n<h6>Rheinpfalz vom 17.06.2000<\/h6>\n<\/td>\n<td>\n<h6><a href=\"https:\/\/burgspiele-altleiningen.de\/?page_id=1050\"><strong>Vor den Erfolg haben die G\u00f6tter Beton &#8230;<\/strong><\/a><\/h6>\n<\/td>\n<\/tr>\n<tr>\n<td>\n<h6>Rheinpfalz vom 17.06.2000<\/h6>\n<\/td>\n<td>\n<h6><strong><a href=\"https:\/\/burgspiele-altleiningen.de\/?page_id=1042\">&#8222;Ein Sommernachtstraum&#8220;<\/a> als Jubil\u00e4umsgabe<\/strong><\/h6>\n<\/td>\n<\/tr>\n<tr>\n<td>\n<h6>Rheinpfalz vom 17.06.2000<\/h6>\n<\/td>\n<td>\n<h6><strong><a href=\"https:\/\/burgspiele-altleiningen.de\/?page_id=1026\">&#8222;Liselott von der Pfalz&#8220;<\/a> im Doppelpack<\/strong><\/h6>\n<\/td>\n<\/tr>\n<\/tbody>\n<\/table>\n","protected":false},"excerpt":{"rendered":"<p>Hier erfahren Sie, was \u00fcber uns geschrieben wurde. Rheinpfalz vom 28.07.2023 Pr\u00e4dikat wertvoll (Markus Clauer) Rheinpfalz vom 19.06.2023 Grandioses Comeback (Anja Benndorf) Rheinpfalz vom 18.06.2019 Eine grandiose Premiere (Anja Benndorf) Rheinpfalz vom 22.10.2018 Ein ungleiches Paar (Anja Benndorf) Rheinpfalz vom&hellip; <\/p>\n","protected":false},"author":4,"featured_media":0,"parent":0,"menu_order":0,"comment_status":"closed","ping_status":"closed","template":"","meta":{"footnotes":""},"class_list":["post-187","page","type-page","status-publish","hentry"],"_links":{"self":[{"href":"https:\/\/burgspiele-altleiningen.de\/index.php?rest_route=\/wp\/v2\/pages\/187","targetHints":{"allow":["GET"]}}],"collection":[{"href":"https:\/\/burgspiele-altleiningen.de\/index.php?rest_route=\/wp\/v2\/pages"}],"about":[{"href":"https:\/\/burgspiele-altleiningen.de\/index.php?rest_route=\/wp\/v2\/types\/page"}],"author":[{"embeddable":true,"href":"https:\/\/burgspiele-altleiningen.de\/index.php?rest_route=\/wp\/v2\/users\/4"}],"replies":[{"embeddable":true,"href":"https:\/\/burgspiele-altleiningen.de\/index.php?rest_route=%2Fwp%2Fv2%2Fcomments&post=187"}],"version-history":[{"count":62,"href":"https:\/\/burgspiele-altleiningen.de\/index.php?rest_route=\/wp\/v2\/pages\/187\/revisions"}],"predecessor-version":[{"id":2172,"href":"https:\/\/burgspiele-altleiningen.de\/index.php?rest_route=\/wp\/v2\/pages\/187\/revisions\/2172"}],"wp:attachment":[{"href":"https:\/\/burgspiele-altleiningen.de\/index.php?rest_route=%2Fwp%2Fv2%2Fmedia&parent=187"}],"curies":[{"name":"wp","href":"https:\/\/api.w.org\/{rel}","templated":true}]}}