{"id":2314,"date":"2025-06-16T12:12:18","date_gmt":"2025-06-16T12:12:18","guid":{"rendered":"https:\/\/burgspiele-altleiningen.de\/?page_id=2314"},"modified":"2025-06-16T12:15:17","modified_gmt":"2025-06-16T12:15:17","slug":"2025-lysistrata","status":"publish","type":"page","link":"https:\/\/burgspiele-altleiningen.de\/?page_id=2314","title":{"rendered":"2025 &#8211; Lysistrata"},"content":{"rendered":"<p>Das St\u00fcck ist zwar \u00fcber 2000 Jahre alt, der Inhalt ist aber nach wie vor aktuell: Nach 20 Jahren Krieg gegen Sparta sind es n\u00e4mlich die Athenerinnen leid. Offensichtlich sind die Ehegatten mit Vernunft nicht zum Frieden zu bringen \u2013 es m\u00fcssen also h\u00e4rtere Bandagen her: die Kriegskasse wird beschlagnahmt und vor allem wird den M\u00e4nnern der Sex versagt. Unter Leitung ihrer Anf\u00fchrerin Lysistrata rufen sie schlie\u00dflich auch die Frauen aus Sparta zum Liebesstreik auf.<\/p>\n<p>Der Autor \u2013 Aristophanes \u2013 macht aus dieser Konstellation eine wunderbar kluge, manchmal nat\u00fcrlich auch derbe Kom\u00f6die mit Seitenhieben in alle Richtungen. Und so k\u00f6nnen sich die Zuschauer \u00fcber liebestolle, aber ausgebremste M\u00e4nner ebenso am\u00fcsieren, wie \u00fcber solidarische Frauen, deren Front im Liebesstreik mit zunehmender Dauer gleichfalls ins Br\u00f6ckeln ger\u00e4t.<\/p>\n","protected":false},"excerpt":{"rendered":"<p>Das St\u00fcck ist zwar \u00fcber 2000 Jahre alt, der Inhalt ist aber nach wie vor aktuell: Nach 20 Jahren Krieg gegen Sparta sind es n\u00e4mlich die Athenerinnen leid. Offensichtlich sind die Ehegatten mit Vernunft nicht zum Frieden zu bringen \u2013&hellip; <\/p>\n","protected":false},"author":4,"featured_media":0,"parent":71,"menu_order":0,"comment_status":"closed","ping_status":"closed","template":"","meta":{"footnotes":""},"class_list":["post-2314","page","type-page","status-publish","hentry"],"_links":{"self":[{"href":"https:\/\/burgspiele-altleiningen.de\/index.php?rest_route=\/wp\/v2\/pages\/2314","targetHints":{"allow":["GET"]}}],"collection":[{"href":"https:\/\/burgspiele-altleiningen.de\/index.php?rest_route=\/wp\/v2\/pages"}],"about":[{"href":"https:\/\/burgspiele-altleiningen.de\/index.php?rest_route=\/wp\/v2\/types\/page"}],"author":[{"embeddable":true,"href":"https:\/\/burgspiele-altleiningen.de\/index.php?rest_route=\/wp\/v2\/users\/4"}],"replies":[{"embeddable":true,"href":"https:\/\/burgspiele-altleiningen.de\/index.php?rest_route=%2Fwp%2Fv2%2Fcomments&post=2314"}],"version-history":[{"count":2,"href":"https:\/\/burgspiele-altleiningen.de\/index.php?rest_route=\/wp\/v2\/pages\/2314\/revisions"}],"predecessor-version":[{"id":2316,"href":"https:\/\/burgspiele-altleiningen.de\/index.php?rest_route=\/wp\/v2\/pages\/2314\/revisions\/2316"}],"up":[{"embeddable":true,"href":"https:\/\/burgspiele-altleiningen.de\/index.php?rest_route=\/wp\/v2\/pages\/71"}],"wp:attachment":[{"href":"https:\/\/burgspiele-altleiningen.de\/index.php?rest_route=%2Fwp%2Fv2%2Fmedia&parent=2314"}],"curies":[{"name":"wp","href":"https:\/\/api.w.org\/{rel}","templated":true}]}}