{"id":70,"date":"2017-12-17T18:10:21","date_gmt":"2017-12-17T17:10:21","guid":{"rendered":"http:\/\/burgspiele-altleiningen.net\/?page_id=70"},"modified":"2018-10-25T14:35:27","modified_gmt":"2018-10-25T14:35:27","slug":"urspung","status":"publish","type":"page","link":"https:\/\/burgspiele-altleiningen.de\/?page_id=70","title":{"rendered":"Unser Verein &#8211; eine Gruppe von Idealisten"},"content":{"rendered":"<figure id=\"attachment_359\" aria-describedby=\"caption-attachment-359\" style=\"width: 232px\" class=\"wp-caption alignright\"><img loading=\"lazy\" decoding=\"async\" class=\"wp-image-359 size-medium\" src=\"https:\/\/burgspiele-altleiningen.de\/wp-content\/uploads\/2017\/12\/willirechner-232x300.jpg\" alt=\"\" width=\"232\" height=\"300\" srcset=\"https:\/\/burgspiele-altleiningen.de\/wp-content\/uploads\/2017\/12\/willirechner-232x300.jpg 232w, https:\/\/burgspiele-altleiningen.de\/wp-content\/uploads\/2017\/12\/willirechner-209x270.jpg 209w, https:\/\/burgspiele-altleiningen.de\/wp-content\/uploads\/2017\/12\/willirechner.jpg 264w\" sizes=\"auto, (max-width: 232px) 100vw, 232px\" \/><figcaption id=\"caption-attachment-359\" class=\"wp-caption-text\"><em>Der Gr\u00fcnder der Burgspiele Altleiningen &#8211; Willy Rechner<\/em><\/figcaption><\/figure>\n<p>Die Burgspiele Altleiningen wurden zur 1200-Jahr-Feier der Gemeinde Altleiningen 1980 von Willy Rechner ins Leben gerufen &#8211; einem erfahrenen und mitrei\u00dfenden\u00a0Theatermann aus\u00a0Mannheim, der leider bereits 1983 starb.<br \/>\nSeither haben wir St\u00fccke aus allen Genres gespielt:\u00a0ob Mantel- und Degen-St\u00fcck (in den Gr\u00fcndungsjahren)\u00a0ob Kom\u00f6die, Krimi, Drama, Boulevardst\u00fcck oder\u00a0Kindertheater: wir sind dankbar, dass unsere Arbeit jedes Jahr durch unser Publikum sehr viel Lob und Anerkennung erh\u00e4lt. Herausragend in diesem Zusammenhang war sicher die Verleihung des B\u00fcrgerpreises des Landkreises Bad D\u00fcrkheim im Jahr 2015!<\/p>\n<figure id=\"attachment_339\" aria-describedby=\"caption-attachment-339\" style=\"width: 300px\" class=\"wp-caption alignnone\"><img loading=\"lazy\" decoding=\"async\" class=\"size-medium wp-image-339\" src=\"https:\/\/burgspiele-altleiningen.de\/wp-content\/uploads\/2017\/12\/buergerpreis1-300x182.jpg\" alt=\"\" width=\"300\" height=\"182\" srcset=\"https:\/\/burgspiele-altleiningen.de\/wp-content\/uploads\/2017\/12\/buergerpreis1-300x182.jpg 300w, https:\/\/burgspiele-altleiningen.de\/wp-content\/uploads\/2017\/12\/buergerpreis1-768x467.jpg 768w, https:\/\/burgspiele-altleiningen.de\/wp-content\/uploads\/2017\/12\/buergerpreis1-444x270.jpg 444w, https:\/\/burgspiele-altleiningen.de\/wp-content\/uploads\/2017\/12\/buergerpreis1.jpg 850w\" sizes=\"auto, (max-width: 300px) 100vw, 300px\" \/><figcaption id=\"caption-attachment-339\" class=\"wp-caption-text\"><em>In der Mitte\u00a0Landrat Ihlenfeld, links von ihm Gabriele Brunner, rechts von ihm Susanne Rechner<\/em><\/figcaption><\/figure>\n<p>Unsere Gruppe umfasst gut\u00a080 Mitglieder von 10 bis 90 Jahren, allesamt ausgebildete Amateure aus dem Leininger Land, die sich in allen beim Theater notwendigen Sparten\u00a0einbringen:\u00a0ob\u00a0es nun das Spiel auf der B\u00fchne ist, die Gestaltung der B\u00fchnenbilder, Licht- und Tontechnik oder\u00a0Masken- und Kost\u00fcmbild.<\/p>\n<p>Auch die Regie wird\u00a0bis auf wenige Ausnahmen\u00a0aus den eigenen Reihen besetzt. Und zus\u00e4tzlich decken wir auch die &#8222;Verwaltungst\u00e4tigkeiten&#8220; wie Vorverkauf, Rechnungswesen, Marketing etc. durch unsere Mitglieder ab.<\/p>\n<p>Wenn Sie unser Engagement\u00a0durch Ihre Mithilfe\u00a0unterst\u00fctzen wollen &#8211;\u00a0gleich auf welchem Arbeitsfeld &#8211;\u00a0melden Sie sich gerne \u00fcber das Kontaktformular. Wir freuen uns \u00fcber jeden neuen Burgspieler!<\/p>\n<p><iframe loading=\"lazy\" title=\"Burgspiele Altleiningen - eine Gruppe von Idealisten\" width=\"642\" height=\"361\" src=\"https:\/\/www.youtube.com\/embed\/_TedJNkZXQQ?feature=oembed\" frameborder=\"0\" allow=\"accelerometer; autoplay; clipboard-write; encrypted-media; gyroscope; picture-in-picture; web-share\" referrerpolicy=\"strict-origin-when-cross-origin\" allowfullscreen><\/iframe><\/p>\n","protected":false},"excerpt":{"rendered":"<p>Die Burgspiele Altleiningen wurden zur 1200-Jahr-Feier der Gemeinde Altleiningen 1980 von Willy Rechner ins Leben gerufen &#8211; einem erfahrenen und mitrei\u00dfenden\u00a0Theatermann aus\u00a0Mannheim, der leider bereits 1983 starb. Seither haben wir St\u00fccke aus allen Genres gespielt:\u00a0ob Mantel- und Degen-St\u00fcck (in den&hellip; <\/p>\n","protected":false},"author":4,"featured_media":0,"parent":0,"menu_order":0,"comment_status":"closed","ping_status":"closed","template":"","meta":{"footnotes":""},"class_list":["post-70","page","type-page","status-publish","hentry"],"_links":{"self":[{"href":"https:\/\/burgspiele-altleiningen.de\/index.php?rest_route=\/wp\/v2\/pages\/70","targetHints":{"allow":["GET"]}}],"collection":[{"href":"https:\/\/burgspiele-altleiningen.de\/index.php?rest_route=\/wp\/v2\/pages"}],"about":[{"href":"https:\/\/burgspiele-altleiningen.de\/index.php?rest_route=\/wp\/v2\/types\/page"}],"author":[{"embeddable":true,"href":"https:\/\/burgspiele-altleiningen.de\/index.php?rest_route=\/wp\/v2\/users\/4"}],"replies":[{"embeddable":true,"href":"https:\/\/burgspiele-altleiningen.de\/index.php?rest_route=%2Fwp%2Fv2%2Fcomments&post=70"}],"version-history":[{"count":25,"href":"https:\/\/burgspiele-altleiningen.de\/index.php?rest_route=\/wp\/v2\/pages\/70\/revisions"}],"predecessor-version":[{"id":1582,"href":"https:\/\/burgspiele-altleiningen.de\/index.php?rest_route=\/wp\/v2\/pages\/70\/revisions\/1582"}],"wp:attachment":[{"href":"https:\/\/burgspiele-altleiningen.de\/index.php?rest_route=%2Fwp%2Fv2%2Fmedia&parent=70"}],"curies":[{"name":"wp","href":"https:\/\/api.w.org\/{rel}","templated":true}]}}