{"id":71,"date":"2017-12-17T18:10:21","date_gmt":"2017-12-17T17:10:21","guid":{"rendered":"http:\/\/burgspiele-altleiningen.net\/?page_id=71"},"modified":"2025-06-16T12:17:30","modified_gmt":"2025-06-16T12:17:30","slug":"stuecke","status":"publish","type":"page","link":"https:\/\/burgspiele-altleiningen.de\/?page_id=71","title":{"rendered":"Unsere St\u00fccke"},"content":{"rendered":"\n<p><\/p>\n\n\n\n<p><\/p>\n\n\n<p>Hier finden Sie in umgekehrter chronologischer Reihenfolge eine \u00dcbersicht \u00fcber unsere bisher gezeigten St\u00fccke. Durch Anklicken des Titels erhalten Sie weitere Informationen.<\/p>\n<table width=\"100%\" border=\"0\">\n<tbody>\n<tr>\n<td>\n<h4 style=\"text-align: left;\">Jahr<\/h4>\n<\/td>\n<td>\n<h4 style=\"text-align: left;\">Titel unseres St\u00fcckes<\/h4>\n<\/td>\n<td>\n<h4 style=\"text-align: left;\">Autor<\/h4>\n<\/td>\n<\/tr>\n<tr>\n<td>\n<tr>\n<td>\n<h6>2025<\/h6>\n<\/td>\n<td>\n<h6><a href=\"https:\/\/burgspiele-altleiningen.de\/?page_id=2314\">Lysistrata<\/a><\/h6>\n<\/td>\n<td align=\"center\">\n<h6>Aristophanes &#8211; in der \u00dcbersetzung von Erich Fried<\/h6>\n<\/td>\n<\/tr>\n<tr>\n<td>\n<h6>2024<\/h6>\n<\/td>\n<td>\n<h6>Das Gasthaus am Eckbackweiher<\/h6>\n<\/td>\n<td align=\"center\">\n<h6>Stefan Schr\u00f6der<\/h6>\n<\/td>\n<\/tr>\n<tr>\n<td>\n<h6>2023<\/h6>\n<\/td>\n<td>\n<h6>Das Kalte Herz<\/h6>\n<\/td>\n<td align=\"center\">\n<h6>Wilhelm Hauff<\/h6>\n<\/td>\n<\/tr>\n<tr>\n<td>\n<h6>2022<\/h6>\n<\/td>\n<td>\n<h6>H\u00e4nsel und Gretel &#8211; <br>Ein Stationentheater im Wald<\/h6>\n<p>&nbsp;<\/p>\n<h6>Bright Lights &#8211; <br>Drogen sind auch keine L\u00f6sung<\/h6>\n<p>&nbsp;<\/p>\n<h6>H\u00f6ninger Geschichte(n) \u2013 <br>Ein szenischer Abendspaziergang<\/h6>\n<\/td>\n<td align=\"center\">\n<h6>Burgspiele Altleiningen<\/h6>\n<\/td>\n<\/tr>\n<tr>\n<td>\n<h6>2021<\/h6>\n<\/td>\n<td>\n<h6>Benefiz &#8211; <br>Jeder rettet einen Afrikaner<\/h6>\n<p>&nbsp;<\/p>\n<h6>Shades of Blue<\/h6>\n<\/td>\n<td>\n<h6>Ingrid Lausund<\/h6>\n<p>&nbsp;<\/p>\n<p>&nbsp;<\/p>\n<h6>Burgspiele Altleiningen<\/h6>\n<\/td>\n<\/tr>\n<tr>\n<td>\n<h6>2019<\/h6>\n<\/td>\n<td>\n<h6><a href=\"https:\/\/burgspiele-altleiningen.de\/?page_id=1860\">Romeo und Julia<\/a><\/h6>\n<\/td>\n<td>\n<h6>William Shakespeare<\/h6>\n<\/td>\n<\/tr>\n<tr>\n<td>\n<h6>2018<\/h6>\n<\/td>\n<td>\n<h6><a href=\"https:\/\/burgspiele-altleiningen.de\/?page_id=1588\" target=\"_parent\" rel=\"noopener noreferrer\">Zimmer frei<\/a><\/h6>\n<\/td>\n<td>\n<h6>Markus K\u00f6beli<\/h6>\n<\/td>\n<\/tr>\n<tr>\n<td>\n<h6>2017<\/h6>\n<\/td>\n<td>\n<h6><a href=\"https:\/\/burgspiele-altleiningen.de\/?page_id=287\" target=\"_parent\" rel=\"noopener noreferrer\">Momo<\/a><\/h6>\n<\/td>\n<td>\n<h6>Michael Ende<\/h6>\n<\/td>\n<\/tr>\n<tr>\n<td>\n<h6>2016<\/h6>\n<\/td>\n<td>\n<h6><a href=\"https:\/\/burgspiele-altleiningen.de\/?page_id=975\">Die Baronin und die Sau<\/a><\/h6>\n<\/td>\n<td>\n<h6>Michael Mackenzie<\/h6>\n<\/td>\n<\/tr>\n<tr>\n<td>\n<h6>2015<\/h6>\n<\/td>\n<td>\n<h6><a href=\"https:\/\/burgspiele-altleiningen.de\/?page_id=291\">Katharina Knie<\/a><\/h6>\n<\/td>\n<td>\n<h6>Carl Zuckmayer<\/h6>\n<\/td>\n<\/tr>\n<tr>\n<td>\n<h6>2014<\/h6>\n<\/td>\n<td>\n<h6><a href=\"https:\/\/burgspiele-altleiningen.de\/?page_id=981\">Weltuntergang<\/a><\/h6>\n<\/td>\n<td>\n<h6>Jura Soyfer<\/h6>\n<\/td>\n<\/tr>\n<tr>\n<td>\n<h6>2013<\/h6>\n<\/td>\n<td>\n<h6><a href=\"https:\/\/burgspiele-altleiningen.de\/?page_id=805\">Tartuffe<\/a><\/h6>\n<\/td>\n<td>\n<h6>Moli\u00e8re<\/h6>\n<\/td>\n<\/tr>\n<tr>\n<td>\n<h6>2012<\/h6>\n<\/td>\n<td>\n<h6><a href=\"https:\/\/burgspiele-altleiningen.de\/?page_id=1045\">Kennen Sie die Milchstra\u00dfe<\/a><\/h6>\n<\/td>\n<td>\n<h6>Karl Wittlinger<\/h6>\n<\/td>\n<\/tr>\n<tr>\n<td>\n<h6>2011<\/h6>\n<\/td>\n<td>\n<h6><a href=\"https:\/\/burgspiele-altleiningen.de\/?page_id=1068\">Was Ihr wollt<\/a><\/h6>\n<\/td>\n<td>\n<h6>William Shakespeare<\/h6>\n<\/td>\n<\/tr>\n<tr>\n<td>\n<h6>2010<\/h6>\n<\/td>\n<td>\n<h6><a href=\"https:\/\/burgspiele-altleiningen.de\/?page_id=1094\">Die acht Frauen<\/a><\/h6>\n<\/td>\n<td>\n<h6>Robert Thomas<\/h6>\n<\/td>\n<\/tr>\n<tr>\n<td>\n<h6>2009<\/h6>\n<\/td>\n<td>\n<h6><a href=\"https:\/\/burgspiele-altleiningen.de\/?page_id=1104\">Br\u00fcder L\u00f6wenherz<\/a><\/h6>\n<\/td>\n<td>\n<h6>Astrid Lindgren<\/h6>\n<\/td>\n<\/tr>\n<tr>\n<td>\n<h6>2008<\/h6>\n<\/td>\n<td>\n<h6><a href=\"https:\/\/burgspiele-altleiningen.de\/?page_id=1119\">Wie das Leben so stiehlt<\/a><\/h6>\n<\/td>\n<td>\n<h6>Jack Popplewell<\/h6>\n<\/td>\n<\/tr>\n<tr>\n<td>\n<h6>2007<\/h6>\n<\/td>\n<td>\n<h6><a href=\"https:\/\/burgspiele-altleiningen.de\/?page_id=1131\">Die Bettleroper<\/a><\/h6>\n<\/td>\n<td>\n<h6>Nach John Gay<\/h6>\n<\/td>\n<\/tr>\n<tr>\n<td>\n<h6>2006<\/h6>\n<\/td>\n<td>\n<h6><a href=\"https:\/\/burgspiele-altleiningen.de\/?page_id=1141\">Elling<\/a><\/h6>\n<\/td>\n<td>\n<h6>Axel Hellstenius<\/h6>\n<\/td>\n<\/tr>\n<tr>\n<td>\n<h6>2005<\/h6>\n<\/td>\n<td>\n<h6><a href=\"https:\/\/burgspiele-altleiningen.de\/?page_id=1159\">Viel L\u00e4rm um Nichts<\/a><\/h6>\n<\/td>\n<td>\n<h6>William Shakespeare<\/h6>\n<\/td>\n<\/tr>\n<tr>\n<td>\n<h6>2004<\/h6>\n<\/td>\n<td>\n<h6><a href=\"https:\/\/burgspiele-altleiningen.de\/?page_id=1170\">Magnolien im Herbst<\/a><\/h6>\n<\/td>\n<td>\n<h6>William Dinner\/<br>William Morum<\/h6>\n<\/td>\n<\/tr>\n<tr>\n<td>\n<h6>2003<\/h6>\n<\/td>\n<td>\n<h6><a href=\"https:\/\/burgspiele-altleiningen.de\/?page_id=1185\">Hexenjagd<\/a><\/h6>\n<\/td>\n<td>\n<h6>Arthur Miller<\/h6>\n<\/td>\n<\/tr>\n<tr>\n<td>\n<h6>2002<\/h6>\n<\/td>\n<td>\n<h6><a href=\"https:\/\/burgspiele-altleiningen.de\/?page_id=1193\">Helden<\/a><\/h6>\n<\/td>\n<td>\n<h6>George Bernard Shaw<\/h6>\n<\/td>\n<\/tr>\n<tr>\n<td>\n<h6>2001<\/h6>\n<\/td>\n<td>\n<h6><a href=\"https:\/\/burgspiele-altleiningen.de\/?page_id=1203\">Ein Sommernachtstraum<\/a><\/h6>\n<\/td>\n<td>\n<h6>William Shakespeare<\/h6>\n<\/td>\n<\/tr>\n<tr>\n<td>\n<h6>2000<\/h6>\n<\/td>\n<td>\n<h6><a href=\"https:\/\/burgspiele-altleiningen.de\/?page_id=1203\">Ein Sommernachtstraum<\/a><\/h6>\n<\/td>\n<td>\n<h6>William Shakespeare<\/h6>\n<\/td>\n<\/tr>\n<tr>\n<td>\n<h6>1999<\/h6>\n<\/td>\n<td>(Umbau der Ehrenhalle)<\/td>\n<td>\n<h6>&nbsp;<\/h6>\n<\/td>\n<\/tr>\n<tr>\n<td>\n<h6>1998<\/h6>\n<\/td>\n<td>\n<h6><a href=\"https:\/\/burgspiele-altleiningen.de\/?page_id=1220\">Die kluge N\u00e4rrin<\/a><\/h6>\n<\/td>\n<td>\n<h6>Lope de Vega<\/h6>\n<\/td>\n<\/tr>\n<tr>\n<td>\n<h6>1997<\/h6>\n<\/td>\n<td>\n<h6><a href=\"https:\/\/burgspiele-altleiningen.de\/?page_id=1231\">Warte bis es dunkel ist<\/a><\/h6>\n<\/td>\n<td>\n<h6>Frederick Knott<\/h6>\n<\/td>\n<\/tr>\n<tr>\n<td>\n<h6>1996<\/h6>\n<\/td>\n<td>\n<h6><a href=\"https:\/\/burgspiele-altleiningen.de\/?page_id=1247\">Dame Kobold<\/a><\/h6>\n<\/td>\n<td>\n<h6>Calderon de la Barca<\/h6>\n<\/td>\n<\/tr>\n<tr>\n<td>\n<h6>1995<\/h6>\n<\/td>\n<td>\n<h6><a href=\"https:\/\/burgspiele-altleiningen.de\/?page_id=1260\">Der zerbrochene Krug<\/a><\/h6>\n<\/td>\n<td>\n<h6>Heinrich von Kleist<\/h6>\n<\/td>\n<\/tr>\n<tr>\n<td>\n<h6>1994<\/h6>\n<\/td>\n<td>\n<h6><a href=\"https:\/\/burgspiele-altleiningen.de\/?page_id=1277\">Bunbury<\/a><\/h6>\n<\/td>\n<td>\n<h6>Oscar Wilde<\/h6>\n<\/td>\n<\/tr>\n<tr>\n<td>\n<h6>1993<\/h6>\n<\/td>\n<td>\n<h6><a href=\"https:\/\/burgspiele-altleiningen.de\/?page_id=1286\">Die Hochzeit des Figaro<\/a><\/h6>\n<\/td>\n<td>\n<h6>Pierre August Caron de Beaumarchais<\/h6>\n<\/td>\n<\/tr>\n<tr>\n<td>\n<h6>1992<\/h6>\n<\/td>\n<td>\n<h6><a href=\"https:\/\/burgspiele-altleiningen.de\/?page_id=1289\">Die Schule der Frauen<\/a><\/h6>\n<\/td>\n<td>\n<h6>Moli\u00e8re<\/h6>\n<\/td>\n<\/tr>\n<tr>\n<td>\n<h6>1991<\/h6>\n<\/td>\n<td>\n<h6><a href=\"https:\/\/burgspiele-altleiningen.de\/?page_id=1291\">Diener zweier Herren<\/a><\/h6>\n<\/td>\n<td>\n<h6>Carlo Goldoni<\/h6>\n<\/td>\n<\/tr>\n<tr>\n<td>\n<h6>1990<\/h6>\n<\/td>\n<td>\n<h6><a href=\"https:\/\/burgspiele-altleiningen.de\/?page_id=1294\">Des Weibes S\u00fcnde ist des Mannes Schuld<\/a><\/h6>\n<\/td>\n<td>\n<h6>Willy Rechner<\/h6>\n<\/td>\n<\/tr>\n<tr>\n<td>\n<h6>1989<\/h6>\n<\/td>\n<td>\n<h6><a href=\"https:\/\/burgspiele-altleiningen.de\/?page_id=1302\">Ingeborg<\/a><\/h6>\n<\/td>\n<td>\n<h6>Curt Goetz<\/h6>\n<\/td>\n<\/tr>\n<tr>\n<td>\n<h6>1988<\/h6>\n<\/td>\n<td>\n<h6><a href=\"https:\/\/burgspiele-altleiningen.de\/?page_id=1307\">Der kerngesunde Kranke (nach Moli\u00e8re)<\/a><\/h6>\n<\/td>\n<td>\n<h6>Peter Pflug<\/h6>\n<\/td>\n<\/tr>\n<tr>\n<td>\n<h6>1987<\/h6>\n<\/td>\n<td>\n<h6><a href=\"https:\/\/burgspiele-altleiningen.de\/?page_id=1312\">Liselotte von der Pfalz (nach Presber\/Stein)<\/a><\/h6>\n<\/td>\n<td>\n<h6>Willy Rechner<\/h6>\n<\/td>\n<\/tr>\n<tr>\n<td>\n<h6>1986<\/h6>\n<\/td>\n<td>\n<h6><a href=\"https:\/\/burgspiele-altleiningen.de\/?page_id=1312\">Liselotte von der Pfalz (nach Presber\/Stein)<\/a><\/h6>\n<\/td>\n<td>\n<h6>Willy Rechner<\/h6>\n<\/td>\n<\/tr>\n<tr>\n<td>\n<h6>1985<\/h6>\n<\/td>\n<td>\n<h6><a href=\"https:\/\/burgspiele-altleiningen.de\/?page_id=1325\">Narretei zu Leiningen<\/a><\/h6>\n<\/td>\n<td>\n<h6>Pedro Parellio<\/h6>\n<\/td>\n<\/tr>\n<tr>\n<td>\n<h6>1984<\/h6>\n<\/td>\n<td>\n<h6><a href=\"https:\/\/burgspiele-altleiningen.de\/?page_id=1332\">Liebe macht erfinderisch<\/a><\/h6>\n<\/td>\n<td>\n<h6>Pedro Parellio<\/h6>\n<\/td>\n<\/tr>\n<tr>\n<td>\n<h6>1983<\/h6>\n<\/td>\n<td>\n<h6><a href=\"https:\/\/burgspiele-altleiningen.de\/?page_id=1334\">Der L\u00fcgner<\/a><\/h6>\n<\/td>\n<td>\n<h6>Carlo Goldoni<\/h6>\n<\/td>\n<\/tr>\n<tr>\n<td>\n<h6>1982<\/h6>\n<\/td>\n<td>\n<h6><a href=\"https:\/\/burgspiele-altleiningen.de\/?page_id=1337\">Das Liebeselixier<\/a><\/h6>\n<\/td>\n<td>\n<h6>Pedro Parellio<\/h6>\n<\/td>\n<\/tr>\n<tr>\n<td>\n<h6>1981<\/h6>\n<\/td>\n<td>\n<h6><a href=\"https:\/\/burgspiele-altleiningen.de\/?page_id=1339\">Die Wasser Venedigs<\/a><\/h6>\n<\/td>\n<td>\n<h6>Pedro Parellio<\/h6>\n<\/td>\n<\/tr>\n<tr>\n<td>\n<h6>1980<\/h6>\n<\/td>\n<td>\n<h6><a href=\"https:\/\/burgspiele-altleiningen.de\/?page_id=1294\">Des Weibes S\u00fcnde ist des Mannes Schuld<\/a><\/h6>\n<\/td>\n<td>\n<h6>Willy Rechner<\/h6>\n<\/td>\n<\/tr>\n<\/tbody>\n<\/table>","protected":false},"excerpt":{"rendered":"<p>Hier finden Sie in umgekehrter chronologischer Reihenfolge eine \u00dcbersicht \u00fcber unsere bisher gezeigten St\u00fccke. Durch Anklicken des Titels erhalten Sie weitere Informationen. Jahr Titel unseres St\u00fcckes Autor 2025 Lysistrata Aristophanes &#8211; in der \u00dcbersetzung von Erich Fried 2024 Das Gasthaus&hellip; <\/p>\n","protected":false},"author":4,"featured_media":0,"parent":0,"menu_order":0,"comment_status":"closed","ping_status":"closed","template":"","meta":{"footnotes":""},"class_list":["post-71","page","type-page","status-publish","hentry"],"_links":{"self":[{"href":"https:\/\/burgspiele-altleiningen.de\/index.php?rest_route=\/wp\/v2\/pages\/71","targetHints":{"allow":["GET"]}}],"collection":[{"href":"https:\/\/burgspiele-altleiningen.de\/index.php?rest_route=\/wp\/v2\/pages"}],"about":[{"href":"https:\/\/burgspiele-altleiningen.de\/index.php?rest_route=\/wp\/v2\/types\/page"}],"author":[{"embeddable":true,"href":"https:\/\/burgspiele-altleiningen.de\/index.php?rest_route=\/wp\/v2\/users\/4"}],"replies":[{"embeddable":true,"href":"https:\/\/burgspiele-altleiningen.de\/index.php?rest_route=%2Fwp%2Fv2%2Fcomments&post=71"}],"version-history":[{"count":87,"href":"https:\/\/burgspiele-altleiningen.de\/index.php?rest_route=\/wp\/v2\/pages\/71\/revisions"}],"predecessor-version":[{"id":2319,"href":"https:\/\/burgspiele-altleiningen.de\/index.php?rest_route=\/wp\/v2\/pages\/71\/revisions\/2319"}],"wp:attachment":[{"href":"https:\/\/burgspiele-altleiningen.de\/index.php?rest_route=%2Fwp%2Fv2%2Fmedia&parent=71"}],"curies":[{"name":"wp","href":"https:\/\/api.w.org\/{rel}","templated":true}]}}