{"id":862,"date":"2018-01-10T18:56:37","date_gmt":"2018-01-10T18:56:37","guid":{"rendered":"http:\/\/burgspiele-altleiningen.net\/?page_id=862"},"modified":"2024-12-11T08:58:03","modified_gmt":"2024-12-11T08:58:03","slug":"kontakt","status":"publish","type":"page","link":"https:\/\/burgspiele-altleiningen.de\/?page_id=862","title":{"rendered":"Kontaktformular"},"content":{"rendered":"<p>Hier k\u00f6nnen Sie uns eine Mitteilung senden.<\/p>\n<p>Bitte beachten Sie, dass Sie dazu unsere <a href=\"https:\/\/burgspiele-altleiningen.de\/?page_id=1550\">Datenschutzerkl\u00e4rung<\/a> best\u00e4tigen m\u00fcssen.<\/p>\n<p>Bitte bestellen oder stornieren Sie \u00fcber dieses Kontaktformular <strong>KEINE<\/strong> <strong>Karten<\/strong>. Diese Anfragen k\u00f6nnen wir so nicht bearbeiten. Falls Sie Karten bestellen m\u00f6chten, klicken Sie bitte <a href=\"https:\/\/burgspiele-altleiningen.de\/?page_id=731\">hier.<\/a><br \/>Wenn Sie Fragen zu Ihrer bei <em>Ticket Regional<\/em> get\u00e4tigten Kartenbestellung haben, bitten wir Sie, sich direkt mit <a href=\"https:\/\/www.ticket-regional.de\/contact.php\" target=\"_blank\" rel=\"noopener noreferrer\">ticket-regional.de<\/a> in Verbindung zu setzen, da die Burgspiele Altleiningen keinen Zugriff auf Ihre Bestellungen hat.<br \/>Sollten Sie Fragen zu \u00fcber unseren Vorverkauf get\u00e4tigte Kartenbestellungen haben, wenden Sie sich bitte w\u00e4hrend der \u00d6ffnungszeiten telefonisch an uns. Unsere Vorverkaufsstelle ist montags und dienstags von 16 bis 19 Uhr besetzt. Sie erreichen uns dort pers\u00f6nlich und telefonisch unter 06356\/8800.<\/p>\n\n<div class=\"wpcf7 no-js\" id=\"wpcf7-f861-o1\" lang=\"de-DE\" dir=\"ltr\" data-wpcf7-id=\"861\">\n<div class=\"screen-reader-response\"><p role=\"status\" aria-live=\"polite\" aria-atomic=\"true\"><\/p> <ul><\/ul><\/div>\n<form action=\"\/index.php?rest_route=%2Fwp%2Fv2%2Fpages%2F862#wpcf7-f861-o1\" method=\"post\" class=\"wpcf7-form init wpcf7-acceptance-as-validation\" aria-label=\"Kontaktformular\" novalidate=\"novalidate\" data-status=\"init\">\n<fieldset class=\"hidden-fields-container\"><input type=\"hidden\" name=\"_wpcf7\" value=\"861\" \/><input type=\"hidden\" name=\"_wpcf7_version\" value=\"6.1.5\" \/><input type=\"hidden\" name=\"_wpcf7_locale\" value=\"de_DE\" \/><input type=\"hidden\" name=\"_wpcf7_unit_tag\" value=\"wpcf7-f861-o1\" \/><input type=\"hidden\" name=\"_wpcf7_container_post\" value=\"0\" \/><input type=\"hidden\" name=\"_wpcf7_posted_data_hash\" value=\"\" \/>\n<\/fieldset>\n<p><label> Ihr Name (Pflichtfeld)<br \/>\n<span class=\"wpcf7-form-control-wrap\" data-name=\"your-name\"><input size=\"40\" maxlength=\"400\" class=\"wpcf7-form-control wpcf7-text wpcf7-validates-as-required\" aria-required=\"true\" aria-invalid=\"false\" value=\"\" type=\"text\" name=\"your-name\" \/><\/span> <\/label>\n<\/p>\n<p><label> Ihre E-Mail-Adresse (Pflichtfeld)<br \/>\n<span class=\"wpcf7-form-control-wrap\" data-name=\"your-email\"><input size=\"40\" maxlength=\"400\" class=\"wpcf7-form-control wpcf7-email wpcf7-validates-as-required wpcf7-text wpcf7-validates-as-email\" aria-required=\"true\" aria-invalid=\"false\" value=\"\" type=\"email\" name=\"your-email\" \/><\/span> <\/label>\n<\/p>\n<p><label> Ihre Telefon-Nummer (freiwillig)<br \/>\n<span class=\"wpcf7-form-control-wrap\" data-name=\"your-phone\"><input size=\"40\" maxlength=\"25\" minlength=\"5\" class=\"wpcf7-form-control wpcf7-text\" aria-invalid=\"false\" value=\"\" type=\"text\" name=\"your-phone\" \/><\/span> <\/label>\n<\/p>\n<p><label> Betreff<br \/>\n<span class=\"wpcf7-form-control-wrap\" data-name=\"your-subject\"><input size=\"40\" maxlength=\"400\" class=\"wpcf7-form-control wpcf7-text\" aria-invalid=\"false\" value=\"\" type=\"text\" name=\"your-subject\" \/><\/span> <\/label>\n<\/p>\n<p><label> Ihre Nachricht an uns<br \/>\n<span class=\"wpcf7-form-control-wrap\" data-name=\"your-message\"><textarea cols=\"40\" rows=\"10\" maxlength=\"2000\" class=\"wpcf7-form-control wpcf7-textarea\" aria-invalid=\"false\" name=\"your-message\"><\/textarea><\/span> <\/label>\n<\/p>\n<p><span class=\"wpcf7-form-control-wrap\" data-name=\"acceptance-254\"><span class=\"wpcf7-form-control wpcf7-acceptance\"><span class=\"wpcf7-list-item\"><label><input type=\"checkbox\" name=\"acceptance-254\" value=\"1\" aria-invalid=\"false\" \/><span class=\"wpcf7-list-item-label\">Ich best\u00e4tige, dass ich die <a href=\"https:\/\/burgspiele-altleiningen.de\/?page_id=1550\">Datenschutzbestimmungen <\/a> anerkenne.<\/span><\/label><\/span><\/span><\/span>\n<\/p>\n<p><input class=\"wpcf7-form-control wpcf7-submit has-spinner\" type=\"submit\" value=\"Senden\" \/>\n<\/p><div class=\"frc-captcha\" data-sitekey=\"FCMUIGNI55MKU0LE\" data-theme=\"light\" ><\/div>\n\t\t<noscript>You need to enable Javascript for the anti-spam check.<\/noscript><div class=\"wpcf7-response-output\" aria-hidden=\"true\"><\/div>\n<\/form>\n<\/div>\n\n\n\n<p><\/p>\n","protected":false},"excerpt":{"rendered":"<p>Hier k\u00f6nnen Sie uns eine Mitteilung senden. Bitte beachten Sie, dass Sie dazu unsere Datenschutzerkl\u00e4rung best\u00e4tigen m\u00fcssen. Bitte bestellen oder stornieren Sie \u00fcber dieses Kontaktformular KEINE Karten. Diese Anfragen k\u00f6nnen wir so nicht bearbeiten. Falls Sie Karten bestellen m\u00f6chten, klicken&hellip; <\/p>\n","protected":false},"author":4,"featured_media":0,"parent":0,"menu_order":0,"comment_status":"closed","ping_status":"closed","template":"","meta":{"footnotes":""},"class_list":["post-862","page","type-page","status-publish","hentry"],"_links":{"self":[{"href":"https:\/\/burgspiele-altleiningen.de\/index.php?rest_route=\/wp\/v2\/pages\/862","targetHints":{"allow":["GET"]}}],"collection":[{"href":"https:\/\/burgspiele-altleiningen.de\/index.php?rest_route=\/wp\/v2\/pages"}],"about":[{"href":"https:\/\/burgspiele-altleiningen.de\/index.php?rest_route=\/wp\/v2\/types\/page"}],"author":[{"embeddable":true,"href":"https:\/\/burgspiele-altleiningen.de\/index.php?rest_route=\/wp\/v2\/users\/4"}],"replies":[{"embeddable":true,"href":"https:\/\/burgspiele-altleiningen.de\/index.php?rest_route=%2Fwp%2Fv2%2Fcomments&post=862"}],"version-history":[{"count":20,"href":"https:\/\/burgspiele-altleiningen.de\/index.php?rest_route=\/wp\/v2\/pages\/862\/revisions"}],"predecessor-version":[{"id":2246,"href":"https:\/\/burgspiele-altleiningen.de\/index.php?rest_route=\/wp\/v2\/pages\/862\/revisions\/2246"}],"wp:attachment":[{"href":"https:\/\/burgspiele-altleiningen.de\/index.php?rest_route=%2Fwp%2Fv2%2Fmedia&parent=862"}],"curies":[{"name":"wp","href":"https:\/\/api.w.org\/{rel}","templated":true}]}}